{"id":57523,"date":"2016-02-01T14:26:30","date_gmt":"2016-02-01T13:26:30","guid":{"rendered":"http:\/\/www.pellegrin-impianti.eu\/area-civile-2\/"},"modified":"2021-07-23T09:28:28","modified_gmt":"2021-07-23T07:28:28","slug":"azienda","status":"publish","type":"page","link":"https:\/\/www.pellegrin-impianti.eu\/it\/azienda\/","title":{"rendered":"Azienda"},"content":{"rendered":"<p>[vc_row row_type=&#8221;row&#8221; use_row_as_full_screen_section=&#8221;no&#8221; type=&#8221;grid&#8221; text_align=&#8221;left&#8221; padding_top=&#8221;50&#8243; css_animation=&#8221;&#8221; box_shadow_on_row=&#8221;no&#8221;][vc_column]<div class=\"custom_font_holder\" style=\"font-family: Montserrat; font-size: 23px; line-height: 23px; font-style: normal; font-weight: 300; color: #373737; text-decoration: none; text-transform: none; text-align: left\" data-font-size=23 data-line-height=23 ><div  ><p>Pellegrin Impianti, dal 1974, facciamo dell\u2019energia il motore delle vostre attivit\u00e0 quotidiane.<\/p>\n<\/div><\/div>[\/vc_column][\/vc_row][vc_row row_type=&#8221;row&#8221; use_row_as_full_screen_section=&#8221;no&#8221; type=&#8221;grid&#8221; text_align=&#8221;left&#8221; padding_top=&#8221;50&#8243; padding_bottom=&#8221;50&#8243; css_animation=&#8221;&#8221; box_shadow_on_row=&#8221;no&#8221;][vc_column][vc_column_text]Nel 1974 dopo aver maturato una proficua e multidisciplinare esperienza in aziende strutturate il desiderio di mettersi in gioco e di dare una propria versione al fare impresa ha portato Maurizio Pellegrin alla decisione di fondare la Pellegrin Impianti.<br \/>\nLa volont\u00e0 di offrire un servizio puntuale, competente, attuale e strategico in linea con le aspettative e le necessit\u00e0 delle persone con cui collaboriamo e dei progetti con cui ci confrontiamo \u00e8 la spinta che ha permesso alla Pellegrin Impianti di crescere giorno per giorno perseguendo gli obiettivi della differenziazione e del contenimento dei costi.<br \/>\nCrediamo nelle cose ben fatte e durature: a questo scopo investiamo tempo e risorse nella formulazione della soluzione migliore da proporre e realizzare nei tempi e nei modi attesi e necessari per garantire la continuit\u00e0 e l\u2019efficienza del servizio.<br \/>\nL\u2019esperienza maturata nei diversi comparti del settore elettrico, l\u2019estesa presenza sul territorio e l\u2019avvalersi di personale formato, preparato e appassionato sono le peculiarit\u00e0 che continuiamo a mettere a disposizione tanto a coloro che da anni continuano ad affidarsi a noi quanto a chi sceglie di contattarci per intraprendere un dialogo.[\/vc_column_text][\/vc_column][\/vc_row][vc_row row_type=&#8221;row&#8221; use_row_as_full_screen_section=&#8221;no&#8221; type=&#8221;grid&#8221; text_align=&#8221;left&#8221; css_animation=&#8221;&#8221; box_shadow_on_row=&#8221;no&#8221;][vc_column]<div class=\"custom_font_holder\" style=\"font-family: Montserrat; font-size: 23px; line-height: 23px; font-style: normal; font-weight: 300; color: #e2001a; text-decoration: none; text-transform: none; text-align: left\" data-font-size=23 data-line-height=23 ><div  ><p>Dati istituzionali<\/p>\n<\/div><\/div>[vc_row_inner row_type=&#8221;row&#8221; type=&#8221;full_width&#8221; use_row_as_full_screen_section_slide=&#8221;no&#8221; text_align=&#8221;left&#8221; css_animation=&#8221;&#8221; box_shadow_on_row=&#8221;no&#8221;][vc_column_inner width=&#8221;1\/3&#8243;]<div class=\"q_counter_holder  left has_icon\" style=\"\"><div class=\"counter_number_holder\"><span class=\"counter_icon\"><i class=\"qode_icon_font_awesome fa  \" style=\"\" ><\/i> <\/span><span class=\"counter zero\" style=\"color: #162c53;font-weight: 400;\">42<\/span><\/div><h2 class='counter_title' style='color:#162c53;'>Anni di Attivit\u00e0<\/h2><\/div>[\/vc_column_inner][vc_column_inner width=&#8221;1\/3&#8243;]<div class=\"q_counter_holder  left has_icon\" style=\"\"><div class=\"counter_number_holder\"><span class=\"counter_icon\"><i class=\"qode_icon_font_awesome fa  \" style=\"\" ><\/i> <\/span><span class=\"counter zero\" style=\"color: #162c53;font-weight: 400;\">4<\/span><\/div><h2 class='counter_title' style='color:#162c53;'>Regioni IT coperte<\/h2><\/div>[\/vc_column_inner][vc_column_inner width=&#8221;1\/3&#8243;]<div class=\"q_counter_holder  left has_icon\" style=\"\"><div class=\"counter_number_holder\"><span class=\"counter_icon\"><i class=\"qode_icon_font_awesome fa  \" style=\"\" ><\/i> <\/span><span class=\"counter zero\" style=\"color: #162c53;font-weight: 400;\">2<\/span><\/div><h2 class='counter_title' style='color:#162c53;'>Stati Esteri Raggiunti<\/h2><\/div>[\/vc_column_inner][\/vc_row_inner][\/vc_column][\/vc_row][vc_row row_type=&#8221;row&#8221; use_row_as_full_screen_section=&#8221;no&#8221; type=&#8221;grid&#8221; text_align=&#8221;left&#8221; css_animation=&#8221;&#8221; box_shadow_on_row=&#8221;no&#8221;][vc_column][vc_empty_space height=&#8221;60px&#8221; image_repeat=&#8221;no-repeat&#8221;]<div class=\"custom_font_holder\" style=\"font-family: Montserrat; font-size: 23px; line-height: 23px; font-style: normal; font-weight: 300; color: #e2001a; text-decoration: none; text-transform: none; text-align: left\" data-font-size=23 data-line-height=23 ><div  ><p>Dati prestazionali (media annua)<\/p>\n<\/div><\/div>[vc_row_inner row_type=&#8221;row&#8221; type=&#8221;full_width&#8221; use_row_as_full_screen_section_slide=&#8221;no&#8221; text_align=&#8221;left&#8221; css_animation=&#8221;&#8221; box_shadow_on_row=&#8221;no&#8221;][vc_column_inner width=&#8221;1\/3&#8243;]<div class=\"q_counter_holder  left\" style=\"\"><div class=\"counter_number_holder\"><span class=\"counter_icon\"> <\/span><span class=\"counter zero\" style=\"color: #d3d3d3;font-size: 70px;\">982586<\/span><\/div><h4 class='counter_title' style=''>Kg<\/h4><span class=\"separator medium\"  ><\/span><p class=\"counter_text\" style=\"font-size: 24px;font-weight: 400;\">Emissioni CO2 risparmiate<\/p><\/div>[vc_column_text]<a href=\"http:\/\/www.pellegrin-impianti.eu\/it\/servizi\/impianti-fotovoltaici\/\" target=\"_blank\" rel=\"noopener noreferrer\">#Fotovoltaico<\/a>\u00a0 \u00a0<a href=\"http:\/\/www.pellegrin-impianti.eu\/it\/servizi\/illuminazione-a-led\/\" target=\"_blank\" rel=\"noopener noreferrer\">#Illuminazione<\/a>\u00a0\u00a0<a href=\"http:\/\/www.pellegrin-impianti.eu\/servizi\/impianti-di-rifasamento\/\" target=\"_blank\" rel=\"noopener noreferrer\">#Rifasamento<\/a>\u00a0\u00a0<a href=\"http:\/\/www.pellegrin-impianti.eu\/it\/servizi\/automazione-domotica\/\" target=\"_blank\" rel=\"noopener noreferrer\">#Domotica<\/a>[\/vc_column_text][\/vc_column_inner][vc_column_inner width=&#8221;1\/3&#8243;]<div class=\"q_counter_holder  left\" style=\"\"><div class=\"counter_number_holder\"><span class=\"counter_icon\"> <\/span><span class=\"counter zero\" style=\"color: #d3d3d3;font-size: 70px;\">6658379<\/span><\/div><h3 class='counter_title' style=''>Lumen<\/h3><span class=\"separator medium\"  ><\/span><p class=\"counter_text\" style=\"font-size: 24px;font-weight: 400;\">Lighting Retrofit<\/p><\/div>[vc_column_text]<a href=\"http:\/\/www.pellegrin-impianti.eu\/servizi\/illuminazione-a-led\/\" target=\"_blank\" rel=\"noopener noreferrer\">#Illuminazione<\/a>[\/vc_column_text][\/vc_column_inner][vc_column_inner width=&#8221;1\/3&#8243;]<div class=\"q_counter_holder  left\" style=\"\"><div class=\"counter_number_holder\"><span class=\"counter_icon\"> <\/span><span class=\"counter zero\" style=\"color: #d3d3d3;font-size: 70px;\">28655<\/span><\/div><h3 class='counter_title' style=''>m2<\/h3><span class=\"separator medium\"  ><\/span><p class=\"counter_text\" style=\"font-size: 24px;font-weight: 400;\">Aree Protette<\/p><\/div>[vc_column_text]<a href=\"http:\/\/www.pellegrin-impianti.eu\/it\/servizi\/impianto-allarme-intrusione\/\" target=\"_blank\" rel=\"noopener noreferrer\">#Antintrusione<\/a>\u00a0 \u00a0<a href=\"http:\/\/www.pellegrin-impianti.eu\/it\/servizi\/impianto-rilevazione-incendio\/\" target=\"_blank\" rel=\"noopener noreferrer\">#Antincendio<\/a>\u00a0\u00a0<a href=\"http:\/\/www.pellegrin-impianti.eu\/it\/servizi\/impianto-video-sorveglianza\/\" target=\"_blank\" rel=\"noopener noreferrer\">#Videosorveglianza<\/a>[\/vc_column_text][\/vc_column_inner][\/vc_row_inner][\/vc_column][\/vc_row][vc_row row_type=&#8221;row&#8221; use_row_as_full_screen_section=&#8221;no&#8221; type=&#8221;grid&#8221; text_align=&#8221;left&#8221; padding_bottom=&#8221;40&#8243; css_animation=&#8221;&#8221; box_shadow_on_row=&#8221;no&#8221;][vc_column width=&#8221;1\/2&#8243;]<div class=\"q_counter_holder  left has_icon\" style=\"\"><div class=\"counter_number_holder\"><span class=\"counter_icon\"><i class=\"qode_icon_font_awesome fa  \" style=\"\" ><\/i> <\/span><span class=\"counter zero\" style=\"color: #d3d3d3;font-weight: 400;\">182<\/span><\/div><h2 class='counter_title' style=''>Automazioni realizzate<\/h2><span class=\"separator medium\"  ><\/span><\/div>[vc_column_text]<a href=\"http:\/\/www.pellegrin-impianti.eu\/it\/servizi\/bordo-macchina\/\" target=\"_blank\" rel=\"noopener noreferrer\">#Bordo macchina<\/a>\u00a0 \u00a0<a href=\"http:\/\/www.pellegrin-impianti.eu\/it\/servizi\/automazioni\/\" target=\"_blank\" rel=\"noopener noreferrer\">#Automazione varchi<\/a>\u00a0\u00a0<a href=\"http:\/\/www.pellegrin-impianti.eu\/it\/servizi\/automazione-domotica\/\" target=\"_blank\" rel=\"noopener noreferrer\">#Domotica<\/a>[\/vc_column_text][\/vc_column][vc_column width=&#8221;1\/2&#8243;]<div class=\"q_counter_holder  left\" style=\"\"><div class=\"counter_number_holder\"><span class=\"counter_icon\"> <\/span><span class=\"counter zero\" style=\"color: #d3d3d3;font-size: 70px;\">108<\/span><\/div><h3 class='counter_title' style=''>Impianti Manutenuti<\/h3><span class=\"separator medium\"  ><\/span><\/div>[vc_column_text]<a href=\"http:\/\/www.pellegrin-impianti.eu\/it\/servizi\/attivita-manutenzione-assistenza-continua-impianti-macchinari\/\" target=\"_blank\" rel=\"noopener noreferrer\">#Manutenzione<\/a>[\/vc_column_text][\/vc_column][\/vc_row][vc_row row_type=&#8221;parallax&#8221; type=&#8221;full_width&#8221; text_align=&#8221;left&#8221; background_image=&#8221;58002&#8243; full_screen_section_height=&#8221;no&#8221;][vc_column][vc_empty_space height=&#8221;300px&#8221; image_repeat=&#8221;no-repeat&#8221;][vc_row_inner row_type=&#8221;row&#8221; type=&#8221;grid&#8221; use_row_as_full_screen_section_slide=&#8221;no&#8221; use_as_box=&#8221;use_row_as_box&#8221; anchor=&#8221;\/doveoperiamo&#8221; text_align=&#8221;left&#8221; background_color=&#8221;#ffffff&#8221; padding_top=&#8221;40&#8243; padding_bottom=&#8221;40&#8243; css_animation=&#8221;&#8221; box_shadow_on_row=&#8221;no&#8221;][vc_column_inner]<div class=\"custom_font_holder\" style=\"font-family: Montserrat; font-size: 40px; line-height: 23px; font-style: normal; font-weight: 300; color: #373737; text-decoration: none; text-transform: none; text-align: left\" data-font-size=40 data-line-height=23 ><div  ><h2>Dove operiamo<\/h2>\n<\/div><\/div>[vc_empty_space height=&#8221;40px&#8221; image_repeat=&#8221;no-repeat&#8221;]<div class=\"custom_font_holder\" style=\"font-family: Montserrat; font-size: 19px; line-height: 24px; font-style: normal; font-weight: 300; color: #373737; text-decoration: none; text-transform: none; text-align: left\" data-font-size=19 data-line-height=24 ><div  ><p>Lavoriamo con voi per crescere non importa quanta strada dobbiamo fare.<\/p>\n<\/div><\/div>[vc_single_image image=&#8221;58010&#8243; img_size=&#8221;full&#8221; alignment=&#8221;center&#8221; qode_hover_animation=&#8221;&#8221; qode_css_animation=&#8221;element_from_right&#8221;][\/vc_column_inner][\/vc_row_inner][vc_empty_space height=&#8221;500px&#8221; image_repeat=&#8221;no-repeat&#8221;][\/vc_column][\/vc_row][vc_row row_type=&#8221;row&#8221; use_row_as_full_screen_section=&#8221;no&#8221; type=&#8221;grid&#8221; text_align=&#8221;left&#8221; padding_top=&#8221;50&#8243; css_animation=&#8221;&#8221; box_shadow_on_row=&#8221;no&#8221;][vc_column]<div class=\"custom_font_holder\" style=\"font-family: Montserrat; font-size: 23px; line-height: 23px; font-style: normal; font-weight: 300; color: #373737; text-decoration: none; text-transform: none; text-align: left\" data-font-size=23 data-line-height=23 ><div  ><p>Naviga attraverso le icone e scopri i servizi che possiamo offrirti.<\/p>\n<\/div><\/div>[\/vc_column][\/vc_row][vc_row row_type=&#8221;row&#8221; use_row_as_full_screen_section=&#8221;no&#8221; type=&#8221;grid&#8221; text_align=&#8221;center&#8221; padding_top=&#8221;60&#8243; padding_bottom=&#8221;60&#8243; css_animation=&#8221;&#8221; box_shadow_on_row=&#8221;no&#8221;][vc_column width=&#8221;1\/3&#8243;][vc_single_image image=&#8221;17&#8243; img_size=&#8221;full&#8221; alignment=&#8221;center&#8221; onclick=&#8221;custom_link&#8221; qode_hover_animation=&#8221;&#8221; qode_css_animation=&#8221;&#8221; link=&#8221;\/impianti-elettrici-civili-vicenza\/&#8221;]<div class=\"custom_font_holder\" style=\"font-family: montserrat; font-size: 24px; line-height: 24px; font-style: normal; font-weight: 300; color: #373737; text-decoration: none; padding: 20px 0px 0px 0px ; text-transform: none; text-align: center\" data-font-size=24 data-line-height=24 ><div  ><p style=\"text-align: center;\">SETTORE\u00a0CIVILE<\/p>\n<\/div><\/div>[\/vc_column][vc_column width=&#8221;1\/3&#8243;][vc_single_image image=&#8221;18&#8243; img_size=&#8221;full&#8221; alignment=&#8221;center&#8221; onclick=&#8221;custom_link&#8221; qode_hover_animation=&#8221;&#8221; qode_css_animation=&#8221;&#8221; link=&#8221;\/impianti-elettrici-industriali-vicenza\/&#8221;]<div class=\"custom_font_holder\" style=\"font-family: montserrat; font-size: 24px; line-height: 24px; font-style: normal; font-weight: 300; color: #373737; text-decoration: none; padding: 20px 0px 0px 0px ; text-transform: none; text-align: center\" data-font-size=24 data-line-height=24 ><div  ><p style=\"text-align: center;\">SETTORE INDUSTRIALE E TERZIARIO<\/p>\n<\/div><\/div>[\/vc_column][vc_column width=&#8221;1\/3&#8243;][vc_single_image image=&#8221;19&#8243; img_size=&#8221;full&#8221; alignment=&#8221;center&#8221; onclick=&#8221;custom_link&#8221; qode_hover_animation=&#8221;&#8221; qode_css_animation=&#8221;&#8221; link=&#8221;\/progettazione-impianti-vicenza\/&#8221;]<div class=\"custom_font_holder\" style=\"font-family: montserrat; font-size: 24px; line-height: 24px; font-style: normal; font-weight: 300; color: #373737; text-decoration: none; padding: 20px 0px 0px 0px ; text-transform: none; text-align: center\" data-font-size=24 data-line-height=24 ><div  ><p style=\"text-align: center;\">SETTORE STUDI TECNICI<\/p>\n<\/div><\/div>[\/vc_column][\/vc_row]<\/p>","protected":false},"excerpt":{"rendered":"<p>[vc_row row_type=&#8221;row&#8221; use_row_as_full_screen_section=&#8221;no&#8221; type=&#8221;grid&#8221; text_align=&#8221;left&#8221; padding_top=&#8221;50&#8243; css_animation=&#8221;&#8221; box_shadow_on_row=&#8221;no&#8221;][vc_column][\/vc_column][\/vc_row][vc_row row_type=&#8221;row&#8221; use_row_as_full_screen_section=&#8221;no&#8221; type=&#8221;grid&#8221; text_align=&#8221;left&#8221; padding_top=&#8221;50&#8243; padding_bottom=&#8221;50&#8243; css_animation=&#8221;&#8221; box_shadow_on_row=&#8221;no&#8221;][vc_column][vc_column_text]Nel 1974 dopo aver maturato una proficua e multidisciplinare esperienza in aziende strutturate il desiderio di mettersi in gioco e di dare una propria versione al fare impresa ha portato&#8230;<\/p>\n","protected":false},"author":1,"featured_media":0,"parent":0,"menu_order":0,"comment_status":"closed","ping_status":"closed","template":"full_width.php","meta":[],"yoast_head":"<!-- This site is optimized with the Yoast SEO plugin v20.4 - https:\/\/yoast.com\/wordpress\/plugins\/seo\/ -->\n<title>Pellegrin Impianti - Impianti elettrici a Vicenza e provincia<\/title>\n<meta name=\"description\" content=\"La volont\u00e0 di offrire un servizio puntuale, competente, attuale e strategico in linea con le aspettative e le necessit\u00e0 delle persone con cui collaboriamo.\" \/>\n<meta name=\"robots\" content=\"index, follow, max-snippet:-1, max-image-preview:large, max-video-preview:-1\" \/>\n<link rel=\"canonical\" href=\"https:\/\/www.pellegrin-impianti.eu\/it\/azienda\/\" \/>\n<meta property=\"og:locale\" content=\"it_IT\" \/>\n<meta property=\"og:type\" content=\"article\" \/>\n<meta property=\"og:title\" content=\"Pellegrin Impianti - Impianti elettrici a Vicenza e provincia\" \/>\n<meta property=\"og:description\" content=\"La volont\u00e0 di offrire un servizio puntuale, competente, attuale e strategico in linea con le aspettative e le necessit\u00e0 delle persone con cui collaboriamo.\" \/>\n<meta property=\"og:url\" content=\"https:\/\/www.pellegrin-impianti.eu\/it\/azienda\/\" \/>\n<meta property=\"og:site_name\" content=\"Pellegrin Impianti\" \/>\n<meta property=\"article:modified_time\" content=\"2021-07-23T07:28:28+00:00\" \/>\n<meta name=\"twitter:card\" content=\"summary_large_image\" \/>\n<meta name=\"twitter:label1\" content=\"Tempo di lettura stimato\" \/>\n\t<meta name=\"twitter:data1\" content=\"14 minuti\" \/>\n<script type=\"application\/ld+json\" class=\"yoast-schema-graph\">{\"@context\":\"https:\/\/schema.org\",\"@graph\":[{\"@type\":\"WebPage\",\"@id\":\"https:\/\/www.pellegrin-impianti.eu\/it\/azienda\/\",\"url\":\"https:\/\/www.pellegrin-impianti.eu\/it\/azienda\/\",\"name\":\"Pellegrin Impianti - Impianti elettrici a Vicenza e provincia\",\"isPartOf\":{\"@id\":\"https:\/\/www.pellegrin-impianti.eu\/it\/#website\"},\"datePublished\":\"2016-02-01T13:26:30+00:00\",\"dateModified\":\"2021-07-23T07:28:28+00:00\",\"description\":\"La volont\u00e0 di offrire un servizio puntuale, competente, attuale e strategico in linea con le aspettative e le necessit\u00e0 delle persone con cui collaboriamo.\",\"breadcrumb\":{\"@id\":\"https:\/\/www.pellegrin-impianti.eu\/it\/azienda\/#breadcrumb\"},\"inLanguage\":\"it-IT\",\"potentialAction\":[{\"@type\":\"ReadAction\",\"target\":[\"https:\/\/www.pellegrin-impianti.eu\/it\/azienda\/\"]}]},{\"@type\":\"BreadcrumbList\",\"@id\":\"https:\/\/www.pellegrin-impianti.eu\/it\/azienda\/#breadcrumb\",\"itemListElement\":[{\"@type\":\"ListItem\",\"position\":1,\"name\":\"Home\",\"item\":\"https:\/\/www.pellegrin-impianti.eu\/it\/\"},{\"@type\":\"ListItem\",\"position\":2,\"name\":\"Azienda\"}]},{\"@type\":\"WebSite\",\"@id\":\"https:\/\/www.pellegrin-impianti.eu\/it\/#website\",\"url\":\"https:\/\/www.pellegrin-impianti.eu\/it\/\",\"name\":\"Pellegrin Impianti\",\"description\":\"Impianti elettrici civili e industriali\",\"potentialAction\":[{\"@type\":\"SearchAction\",\"target\":{\"@type\":\"EntryPoint\",\"urlTemplate\":\"https:\/\/www.pellegrin-impianti.eu\/it\/?s={search_term_string}\"},\"query-input\":\"required name=search_term_string\"}],\"inLanguage\":\"it-IT\"}]}<\/script>\n<!-- \/ Yoast SEO plugin. -->","yoast_head_json":{"title":"Pellegrin Impianti - Impianti elettrici a Vicenza e provincia","description":"La volont\u00e0 di offrire un servizio puntuale, competente, attuale e strategico in linea con le aspettative e le necessit\u00e0 delle persone con cui collaboriamo.","robots":{"index":"index","follow":"follow","max-snippet":"max-snippet:-1","max-image-preview":"max-image-preview:large","max-video-preview":"max-video-preview:-1"},"canonical":"https:\/\/www.pellegrin-impianti.eu\/it\/azienda\/","og_locale":"it_IT","og_type":"article","og_title":"Pellegrin Impianti - Impianti elettrici a Vicenza e provincia","og_description":"La volont\u00e0 di offrire un servizio puntuale, competente, attuale e strategico in linea con le aspettative e le necessit\u00e0 delle persone con cui collaboriamo.","og_url":"https:\/\/www.pellegrin-impianti.eu\/it\/azienda\/","og_site_name":"Pellegrin Impianti","article_modified_time":"2021-07-23T07:28:28+00:00","twitter_card":"summary_large_image","twitter_misc":{"Tempo di lettura stimato":"14 minuti"},"schema":{"@context":"https:\/\/schema.org","@graph":[{"@type":"WebPage","@id":"https:\/\/www.pellegrin-impianti.eu\/it\/azienda\/","url":"https:\/\/www.pellegrin-impianti.eu\/it\/azienda\/","name":"Pellegrin Impianti - Impianti elettrici a Vicenza e provincia","isPartOf":{"@id":"https:\/\/www.pellegrin-impianti.eu\/it\/#website"},"datePublished":"2016-02-01T13:26:30+00:00","dateModified":"2021-07-23T07:28:28+00:00","description":"La volont\u00e0 di offrire un servizio puntuale, competente, attuale e strategico in linea con le aspettative e le necessit\u00e0 delle persone con cui collaboriamo.","breadcrumb":{"@id":"https:\/\/www.pellegrin-impianti.eu\/it\/azienda\/#breadcrumb"},"inLanguage":"it-IT","potentialAction":[{"@type":"ReadAction","target":["https:\/\/www.pellegrin-impianti.eu\/it\/azienda\/"]}]},{"@type":"BreadcrumbList","@id":"https:\/\/www.pellegrin-impianti.eu\/it\/azienda\/#breadcrumb","itemListElement":[{"@type":"ListItem","position":1,"name":"Home","item":"https:\/\/www.pellegrin-impianti.eu\/it\/"},{"@type":"ListItem","position":2,"name":"Azienda"}]},{"@type":"WebSite","@id":"https:\/\/www.pellegrin-impianti.eu\/it\/#website","url":"https:\/\/www.pellegrin-impianti.eu\/it\/","name":"Pellegrin Impianti","description":"Impianti elettrici civili e industriali","potentialAction":[{"@type":"SearchAction","target":{"@type":"EntryPoint","urlTemplate":"https:\/\/www.pellegrin-impianti.eu\/it\/?s={search_term_string}"},"query-input":"required name=search_term_string"}],"inLanguage":"it-IT"}]}},"_links":{"self":[{"href":"https:\/\/www.pellegrin-impianti.eu\/it\/wp-json\/wp\/v2\/pages\/57523"}],"collection":[{"href":"https:\/\/www.pellegrin-impianti.eu\/it\/wp-json\/wp\/v2\/pages"}],"about":[{"href":"https:\/\/www.pellegrin-impianti.eu\/it\/wp-json\/wp\/v2\/types\/page"}],"author":[{"embeddable":true,"href":"https:\/\/www.pellegrin-impianti.eu\/it\/wp-json\/wp\/v2\/users\/1"}],"replies":[{"embeddable":true,"href":"https:\/\/www.pellegrin-impianti.eu\/it\/wp-json\/wp\/v2\/comments?post=57523"}],"version-history":[{"count":3,"href":"https:\/\/www.pellegrin-impianti.eu\/it\/wp-json\/wp\/v2\/pages\/57523\/revisions"}],"predecessor-version":[{"id":58427,"href":"https:\/\/www.pellegrin-impianti.eu\/it\/wp-json\/wp\/v2\/pages\/57523\/revisions\/58427"}],"wp:attachment":[{"href":"https:\/\/www.pellegrin-impianti.eu\/it\/wp-json\/wp\/v2\/media?parent=57523"}],"curies":[{"name":"wp","href":"https:\/\/api.w.org\/{rel}","templated":true}]}}