{"id":58021,"date":"2016-04-05T12:14:10","date_gmt":"2016-04-05T10:14:10","guid":{"rendered":"http:\/\/www.pellegrin-impianti.eu\/i-nostri-servizi-copy\/"},"modified":"2021-07-23T09:28:29","modified_gmt":"2021-07-23T07:28:29","slug":"cookie","status":"publish","type":"page","link":"https:\/\/www.pellegrin-impianti.eu\/it\/cookie\/","title":{"rendered":"Cookie policy"},"content":{"rendered":"<p><\/p>\n<h2>Cookie Policy<\/h2>\n<p>La presente Cookie Policy \u00e8 parte integrante dell\u2019Informativa di PELLEGRIN MAURIZIO INSTALLAZIONI ELETTRICHE disponibile <a href=\"http:\/\/www.pellegrin-impianti.eu\/privacy-policy\/\" target=\"_blank\" rel=\"noopener noreferrer\">qui<\/a><\/p>\n<p><strong>Definizioni e caratteristiche dei cookie<\/strong><br \/>\nCookie e tecnologie affini sono informazioni che siti e app inviano o leggono sui tuoi dispositivi alla prima visita, per essere poi ritrasmesse agli stessi siti, app alla successiva visita. Grazie a queste tecnologie i siti e le app memorizzano azioni e preferenze (come, ad esempio, i dati di login, la lingua prescelta, altre impostazioni di visualizzazione, ecc.) in modo che non debbano essere indicate nuovamente alla successiva consultazione del Sito.<br \/>\nQueste tecnologie sono utilizzate per eseguire autenticazioni informatiche, monitoraggio di sessioni e memorizzazione di informazioni riguardanti le attivit\u00e0 degli utenti che accedono ad un servizio e possono contenere anche un codice identificativo unico che consente di tenere traccia della navigazione dell\u2019utente all\u2019interno del sito per finalit\u00e0 statistiche o pubblicitarie.<br \/>\nEsistono differenti tipologie di cookie.<br \/>\nIn base alla durata di conservazione nel tuo dispositivo, possiamo distinguere tra cookie di sessione, che sono automaticamente cancellati alla chiusura del browser e cookie persistenti, che rimangono sul tuo dispositivo fino ad una determinata scadenza.<br \/>\nIn base alla titolarit\u00e0 del trattamento, possiamo, invece, distinguere tra cookie di prima parte, predisposti dal titolare del trattamento al quale \u00e8 riferibile il sito web visitato, e cookie di terza parte, predisposto da un titolare del trattamento al quale non \u00e8 riferibile il sito web visitato.<br \/>\nIn linea con la normativa applicabile (ci si riferisce sia alla normativa italiana applicabile in materia di protezione dei dati personali ed al GDPR), il Tuo preventivo consenso per l\u2019uso dei cookie non \u00e8 sempre richiesto. In particolare, tale consenso non \u00e8 richiesto per i \u201ccookie tecnici\u201d, ad esempio quelli strettamente necessari per consentire la navigazione sul sito web.<br \/>\nIl Tuo preventivo consenso \u00e8, invece, richiesto per i cookie \u201canalitici\u201d non anonimizzati e per cookie di profilazione, ad esempio, quelli che forniscono analisi statistiche sull\u2019utilizzo di un sito web o che creano profili di utenti per inviargli messaggi pubblicitari in linea con le preferenze che hanno espresso durante la navigazione.<\/p>\n<p><strong>Tipi di cookie usati dal Sito<\/strong><br \/>\nDurante la navigazione del Sito, riceverai i seguenti cookie:<\/p>\n<p><strong>A)\u00a0COOKIE DI PRIMA PARTE, OSSIA RILASCIATI DA\u00a0PELLEGRIN IMPIANTI<\/strong><\/p>\n<p><strong>TIPOLOGIA DI COOKIE:<\/strong><\/p>\n<ol>\n<li><strong><em>Tecnici\/di sessione<\/em><\/strong><br \/>\n<em><strong>Tecnici\/di navigazione<\/strong><\/em><br \/>\n(Per rilasciare questo tipo di cookie non \u00e8 necessario il consenso dell\u2019utente)<br \/>\n<strong>CHE COSA FANNO?<\/strong><br \/>\nSono indispensabili per il corretto funzionamento del nostro sito e consentono all\u2019utente di navigare e di visualizzare i contenuti. Una loro eventuale disattivazione comporterebbe malfunzionamenti del sito.<br \/>\nIn genere, cookie di questo tipo sono necessari, ad esempio, per mantenere aperta una sessione di navigazione o per consentire all\u2019utente di accedere ad eventuali aree riservate. O ancora, possono ricordare temporaneamente i testi inseriti durante la compilazione di un modulo, quando si torna ad una pagina precedente nel corso della medesima sessione.<\/li>\n<li><em><strong>Tecnici\/di funzionalit\u00e0<\/strong><\/em><br \/>\n(Per rilasciare questo tipo di cookie non \u00e8 necessario il consenso dell\u2019utente)<br \/>\n<strong>CHE COSA FANNO?<\/strong><br \/>\nConsentono all\u2019utente di sfruttare al meglio le peculiarit\u00e0 del sito e di fruire di una navigazione pi\u00f9 confortevole. Il sito funziona in modo ideale se questi cookie sono abilitati; \u00e8 possibile comunque decidere di non consentirne l\u2019attivazione sul proprio dispositivo.<br \/>\nIn generale, ad esempio, cookie di questo tipo ricordano in quale lingua l\u2019utente preferisce visualizzare i nostri contenuti o ricordano (per un periodo limitato) gli articoli presenti nel carrello virtuale nel caso in cui si chiuda la sessione prima di aver ultimato l\u2019acquisto.<\/li>\n<li><em><strong>Tecnici\/consenso<\/strong><\/em><br \/>\n(Per rilasciare questo tipo di cookie non \u00e8 necessario il consenso dell\u2019utente)<br \/>\n<strong>CHE COSA FANNO?<\/strong><br \/>\nQuesto cookie tiene traccia del consenso prestato dall\u2019utente all\u2019utilizzo dei cookie su questo sito, in modo da non riproporre \u2013 nelle successive visite \u2013 l\u2019informativa breve sui cookie e la richiesta di prestare il consenso.<\/li>\n<\/ol>\n<p><strong>B) COOKIE DI TERZE PARTI, OSSIA RILASCIATI DA SITI DIVERSI RISPETTO A PELLEGRIN IMPIANTI<\/strong><\/p>\n<p><strong>TIPOLOGIA DI COOKIE:<\/strong><\/p>\n<ol>\n<li><em><strong>Statistici\/di analytics<\/strong><\/em><br \/>\n(Per rilasciare questo tipo di cookie \u00e8 necessario il consenso dell\u2019utente)<br \/>\n<strong>CHE COSA FANNO?<\/strong><br \/>\nSono utilizzati per raccogliere informazioni sulle modalit\u00e0 di navigazione degli utenti sul nostro sito. Queste informazioni vengono analizzate in forma aggregata per soli fini statistici.<br \/>\nNon sono necessari, ma sono per noi di grande aiuto per consentirci di migliorare i nostri contenuti ed i nostri servizi in base alle indicazioni che ricaviamo dall\u2019analisi delle statistiche.<\/li>\n<li><em><strong>Profilazione\/di pubblicit\u00e0<\/strong><\/em><br \/>\n(Per rilasciare questo tipo di cookie \u00e8 necessario il consenso dell\u2019utente)<br \/>\n<strong>CHE COSA FANNO?<\/strong><br \/>\nSono utilizzati per presentarvi contenuti, anche di tipo pubblicitario, pi\u00f9 adatti a voi.<br \/>\nPossono essere usati anche, ad esempio, per limitare il numero di volte che viene proposto un contenuto pubblicitario o per aiutarci a valutare l\u2019efficacia delle nostre campagne pubblicitarie o delle campagne pubblicitarie sui nostri siti internet.<br \/>\nNon sono necessari, ma ci consentono di offrirvi contenuti pi\u00f9 vicini ai vostri interessi.<\/li>\n<\/ol>\n<p><strong>Cookie di terze parti<\/strong><\/p>\n<p>Navigando su questo sito riceverete sia cookie di Pellegrin Impianti, sia cookie da siti di terze parti, i quali potranno impostare cookie sul vostro dispositivo per nostro conto al fine di erogare i servizi che stanno fornendo.<\/p>\n<p>I cookie di terze parti ci consentono di ottenere sondaggi pi\u00f9 completi delle abitudini di esplorazione degli utenti. Utilizziamo tali cookie, ad esempio, per raccogliere informazioni a fini pubblicitari e di personalizzazione dei contenuti, oltre che per elaborare statistiche sull\u2019utilizzo del nostro sito e per valutare il vostro interesse nei riguardi di nostri specifici contenuti o servizi. Informazioni pi\u00f9 dettagliate su questi cookie sono disponibili nei paragrafi successivi presenti in questo documento e sui rispettivi siti internet delle terze parti in questione.<\/p>\n<p><strong>Cookie di statistica (di terze parti)<\/strong><\/p>\n<p>Pellegrin Impianti utilizza Google Analytics, un servizio di analisi del traffico web fornito da Google, Inc., 1600 Amphitheatre Parkway \u2013 Mountain View \u2013 CA94043 USA, che fa uso di cookie per raccogliere ed analizzare in forma aggregata informazioni relative alla navigazione degli utenti. N\u00e9 Pellegrin Impianti, n\u00e9 Google associano il vostro indirizzo IP ad altri dati in loro possesso per identificarvi direttamente.<\/p>\n<p>Le informazioni raccolte vengono elaborate dai sistemi di Google Analytics allo scopo di produrre report per gli amministratori di\u00a0pellegrinimpianti.eu che li utilizzano per verificare il corretto funzionamento dei servizi ed eventualmente il tasso di gradimento dei contenuti proposti.<\/p>\n<p>Per disabilitare i cookie statistici impedendo cos\u00ec a Google Analytics di raccogliere dati sulla vostra navigazione, potete scaricare l\u2019apposito componente per la disattivazione di Google Analytics che trovate qui: https:\/\/tools.google.com\/dlpage\/gaoptout.<\/p>\n<p>Le nostre pagine web potrebbero contenere plug-in dei pi\u00f9 noti social network (a.e. Facebook, Twitter, Linkedin) gestiti dalle terze parti coinvolte.<\/p>\n<p>Tali plug-in potrebbero ad esempio corrispondere ai pulsanti \u201cLike\u201d di Facebook o \u201cRetweet\u201d di Twitter. Se si accede ad una delle nostre pagine web, dotata di un simile plug-in, il browser internet si collega direttamente ai server delle terze parti e il plug-in viene visualizzato sullo schermo grazie alla connessione con il browser. Il plug-in potrebbe comunicare ai server delle terze parte quali pagine l\u2019utente ha visitato.<\/p>\n<p>Se un utente di social network visita le nostre pagine web mentre \u00e8 collegato al proprio account, tali informazioni potrebbero essere associate all\u2019account. Anche nel caso in cui si utilizzino le funzioni del plug-in (per esempio, facendo clic sul pulsante \u201cMi piace\u201d), le informazioni saranno associate all\u2019account.<\/p>\n<p>Qualora non fosse d\u2019accordo con l\u2019installazione dei cookie, l\u2019utente dovr\u00e0 configurare il browser in modo da disabilitare la ricezione dei cookie o non usare questo sito. Disabilitando i cookie per\u00f2, il sito o alcune sue funzioni potrebbero non operare correttamente.<\/p>\n<p>Per modificare le modalit\u00e0 di utilizzo dei cookie, per bloccarne la ricezione o ancora per eliminare i cookie presenti sul proprio terminale, \u00e8 sufficiente entrare nelle impostazioni del proprio browser.<\/p>\n<p>La maggior parte dei browser prevede la possibilit\u00e0 di accettare o rifiutare tutti i cookie o accettarne solo alcuni (ad esempio provenienti da specifici siti).<\/p>\n<p>Anche se attraverso passaggi simili, il metodo di configurazione del cookie varia per ciascun browser. Per avere dettagli in merito alla procedura da seguire l\u2019utente potr\u00e0 visitare il sito www.aboutcookies.org o consultare la sezione \u2018Aiuto\u2019 del proprio browser.<\/p>\n<p>Per maggiori informazioni sui cookie e per gestire le tue preferenze sui cookie di terza parte ti invitiamo a visitare www.youronlinechoices.com.<\/p>\n<p><strong>Istruzioni per disabilitare i cookie tramite browser<\/strong><br \/>\nOgni utente pu\u00f2 configurare il proprio browser in modo da non accettare automaticamente cookie.<br \/>\nDi seguito alcune istruzioni per la disabilitazione dei cookie sui browser pi\u00f9 diffusi:<br \/>\n<a href=\"https:\/\/support.google.com\/chrome\/answer\/95647?hl=it\">Chrome<\/a>,\u00a0<a href=\"https:\/\/support.mozilla.org\/it\/kb\/Gestione%20dei%20cookie\">Firefox<\/a>,\u00a0<a href=\"https:\/\/support.microsoft.com\/it-it\/help\/17442\/windows-internet-explorer-delete-manage-cookies#ie=ie-11\">Internet Explorer<\/a>,\u00a0<a href=\"https:\/\/support.apple.com\/it-it\/HT201265\">Safari<\/a>,\u00a0<a href=\"https:\/\/privacy.microsoft.com\/en-us\/windows-10-microsoft-edge-and-privacy\">Edge<\/a>.<\/p>\n<p>Per disattivare singolarmente i cookie di performance e di profilazione di terza parte vedi la sezione \u201cCOOKIE DI TERZE PARTI&#8221;.<\/p>\n<p>Con riferimento ai cookie di profilazione finalizzati ad offrirti pubblicit\u00e0 personalizzata, ti informiamo che, qualora esercitassi l\u2019opt-out, continuerai in ogni caso a ricevere pubblicit\u00e0 di tipo generico.<\/p>","protected":false},"excerpt":{"rendered":"<p>Cookie Policy La presente Cookie Policy \u00e8 parte integrante dell\u2019Informativa di PELLEGRIN MAURIZIO INSTALLAZIONI ELETTRICHE disponibile qui Definizioni e caratteristiche dei cookie Cookie e tecnologie affini sono informazioni che siti e app inviano o leggono sui tuoi dispositivi alla prima visita, per essere poi ritrasmesse&#8230;<\/p>\n","protected":false},"author":1,"featured_media":0,"parent":0,"menu_order":0,"comment_status":"closed","ping_status":"closed","template":"","meta":[],"yoast_head":"<!-- This site is optimized with the Yoast SEO plugin v20.4 - https:\/\/yoast.com\/wordpress\/plugins\/seo\/ -->\n<title>Tutti i nostri Servizi - Pellegrin Impianti<\/title>\n<meta name=\"description\" content=\"Affidati a noi per ogni esigenza: domotica, fotovoltaico, videosorveglianza, antincendio, automazione cancelli e molto altro ancora. Scopri tutti i servizi.\" \/>\n<meta name=\"robots\" content=\"index, follow, max-snippet:-1, max-image-preview:large, max-video-preview:-1\" \/>\n<link rel=\"canonical\" href=\"https:\/\/www.pellegrin-impianti.eu\/it\/cookie\/\" \/>\n<meta property=\"og:locale\" content=\"it_IT\" \/>\n<meta property=\"og:type\" content=\"article\" \/>\n<meta property=\"og:title\" content=\"Tutti i nostri Servizi - Pellegrin Impianti\" \/>\n<meta property=\"og:description\" content=\"Affidati a noi per ogni esigenza: domotica, fotovoltaico, videosorveglianza, antincendio, automazione cancelli e molto altro ancora. Scopri tutti i servizi.\" \/>\n<meta property=\"og:url\" content=\"https:\/\/www.pellegrin-impianti.eu\/it\/cookie\/\" \/>\n<meta property=\"og:site_name\" content=\"Pellegrin Impianti\" \/>\n<meta property=\"article:modified_time\" content=\"2021-07-23T07:28:29+00:00\" \/>\n<meta name=\"twitter:card\" content=\"summary_large_image\" \/>\n<meta name=\"twitter:label1\" content=\"Tempo di lettura stimato\" \/>\n\t<meta name=\"twitter:data1\" content=\"15 minuti\" \/>\n<script type=\"application\/ld+json\" class=\"yoast-schema-graph\">{\"@context\":\"https:\/\/schema.org\",\"@graph\":[{\"@type\":\"WebPage\",\"@id\":\"https:\/\/www.pellegrin-impianti.eu\/it\/cookie\/\",\"url\":\"https:\/\/www.pellegrin-impianti.eu\/it\/cookie\/\",\"name\":\"Tutti i nostri Servizi - Pellegrin Impianti\",\"isPartOf\":{\"@id\":\"https:\/\/www.pellegrin-impianti.eu\/it\/#website\"},\"datePublished\":\"2016-04-05T10:14:10+00:00\",\"dateModified\":\"2021-07-23T07:28:29+00:00\",\"description\":\"Affidati a noi per ogni esigenza: domotica, fotovoltaico, videosorveglianza, antincendio, automazione cancelli e molto altro ancora. Scopri tutti i servizi.\",\"breadcrumb\":{\"@id\":\"https:\/\/www.pellegrin-impianti.eu\/it\/cookie\/#breadcrumb\"},\"inLanguage\":\"it-IT\",\"potentialAction\":[{\"@type\":\"ReadAction\",\"target\":[\"https:\/\/www.pellegrin-impianti.eu\/it\/cookie\/\"]}]},{\"@type\":\"BreadcrumbList\",\"@id\":\"https:\/\/www.pellegrin-impianti.eu\/it\/cookie\/#breadcrumb\",\"itemListElement\":[{\"@type\":\"ListItem\",\"position\":1,\"name\":\"Home\",\"item\":\"https:\/\/www.pellegrin-impianti.eu\/it\/\"},{\"@type\":\"ListItem\",\"position\":2,\"name\":\"Cookie policy\"}]},{\"@type\":\"WebSite\",\"@id\":\"https:\/\/www.pellegrin-impianti.eu\/it\/#website\",\"url\":\"https:\/\/www.pellegrin-impianti.eu\/it\/\",\"name\":\"Pellegrin Impianti\",\"description\":\"Impianti elettrici civili e industriali\",\"potentialAction\":[{\"@type\":\"SearchAction\",\"target\":{\"@type\":\"EntryPoint\",\"urlTemplate\":\"https:\/\/www.pellegrin-impianti.eu\/it\/?s={search_term_string}\"},\"query-input\":\"required name=search_term_string\"}],\"inLanguage\":\"it-IT\"}]}<\/script>\n<!-- \/ Yoast SEO plugin. -->","yoast_head_json":{"title":"Tutti i nostri Servizi - Pellegrin Impianti","description":"Affidati a noi per ogni esigenza: domotica, fotovoltaico, videosorveglianza, antincendio, automazione cancelli e molto altro ancora. Scopri tutti i servizi.","robots":{"index":"index","follow":"follow","max-snippet":"max-snippet:-1","max-image-preview":"max-image-preview:large","max-video-preview":"max-video-preview:-1"},"canonical":"https:\/\/www.pellegrin-impianti.eu\/it\/cookie\/","og_locale":"it_IT","og_type":"article","og_title":"Tutti i nostri Servizi - Pellegrin Impianti","og_description":"Affidati a noi per ogni esigenza: domotica, fotovoltaico, videosorveglianza, antincendio, automazione cancelli e molto altro ancora. Scopri tutti i servizi.","og_url":"https:\/\/www.pellegrin-impianti.eu\/it\/cookie\/","og_site_name":"Pellegrin Impianti","article_modified_time":"2021-07-23T07:28:29+00:00","twitter_card":"summary_large_image","twitter_misc":{"Tempo di lettura stimato":"15 minuti"},"schema":{"@context":"https:\/\/schema.org","@graph":[{"@type":"WebPage","@id":"https:\/\/www.pellegrin-impianti.eu\/it\/cookie\/","url":"https:\/\/www.pellegrin-impianti.eu\/it\/cookie\/","name":"Tutti i nostri Servizi - Pellegrin Impianti","isPartOf":{"@id":"https:\/\/www.pellegrin-impianti.eu\/it\/#website"},"datePublished":"2016-04-05T10:14:10+00:00","dateModified":"2021-07-23T07:28:29+00:00","description":"Affidati a noi per ogni esigenza: domotica, fotovoltaico, videosorveglianza, antincendio, automazione cancelli e molto altro ancora. Scopri tutti i servizi.","breadcrumb":{"@id":"https:\/\/www.pellegrin-impianti.eu\/it\/cookie\/#breadcrumb"},"inLanguage":"it-IT","potentialAction":[{"@type":"ReadAction","target":["https:\/\/www.pellegrin-impianti.eu\/it\/cookie\/"]}]},{"@type":"BreadcrumbList","@id":"https:\/\/www.pellegrin-impianti.eu\/it\/cookie\/#breadcrumb","itemListElement":[{"@type":"ListItem","position":1,"name":"Home","item":"https:\/\/www.pellegrin-impianti.eu\/it\/"},{"@type":"ListItem","position":2,"name":"Cookie policy"}]},{"@type":"WebSite","@id":"https:\/\/www.pellegrin-impianti.eu\/it\/#website","url":"https:\/\/www.pellegrin-impianti.eu\/it\/","name":"Pellegrin Impianti","description":"Impianti elettrici civili e industriali","potentialAction":[{"@type":"SearchAction","target":{"@type":"EntryPoint","urlTemplate":"https:\/\/www.pellegrin-impianti.eu\/it\/?s={search_term_string}"},"query-input":"required name=search_term_string"}],"inLanguage":"it-IT"}]}},"_links":{"self":[{"href":"https:\/\/www.pellegrin-impianti.eu\/it\/wp-json\/wp\/v2\/pages\/58021"}],"collection":[{"href":"https:\/\/www.pellegrin-impianti.eu\/it\/wp-json\/wp\/v2\/pages"}],"about":[{"href":"https:\/\/www.pellegrin-impianti.eu\/it\/wp-json\/wp\/v2\/types\/page"}],"author":[{"embeddable":true,"href":"https:\/\/www.pellegrin-impianti.eu\/it\/wp-json\/wp\/v2\/users\/1"}],"replies":[{"embeddable":true,"href":"https:\/\/www.pellegrin-impianti.eu\/it\/wp-json\/wp\/v2\/comments?post=58021"}],"version-history":[{"count":3,"href":"https:\/\/www.pellegrin-impianti.eu\/it\/wp-json\/wp\/v2\/pages\/58021\/revisions"}],"predecessor-version":[{"id":58311,"href":"https:\/\/www.pellegrin-impianti.eu\/it\/wp-json\/wp\/v2\/pages\/58021\/revisions\/58311"}],"wp:attachment":[{"href":"https:\/\/www.pellegrin-impianti.eu\/it\/wp-json\/wp\/v2\/media?parent=58021"}],"curies":[{"name":"wp","href":"https:\/\/api.w.org\/{rel}","templated":true}]}}