{"id":58202,"date":"2017-08-03T09:41:00","date_gmt":"2017-08-03T07:41:00","guid":{"rendered":"http:\/\/www.pellegrin-impianti.eu\/lavora-con-noi\/professionista-elettrotecnico-copy\/"},"modified":"2021-07-23T09:28:29","modified_gmt":"2021-07-23T07:28:29","slug":"tecnico-operatore-elettrico","status":"publish","type":"page","link":"https:\/\/www.pellegrin-impianti.eu\/it\/lavora-con-noi\/tecnico-operatore-elettrico\/","title":{"rendered":"Tecnico Operatore Elettrico"},"content":{"rendered":"<p>[vc_row row_type=&#8221;row&#8221; use_row_as_full_screen_section=&#8221;no&#8221; type=&#8221;full_width&#8221; text_align=&#8221;left&#8221; css_animation=&#8221;&#8221; box_shadow_on_row=&#8221;no&#8221;][vc_column width=&#8221;1\/2&#8243;][vc_column_text]<\/p>\n<h2>Tecnico Operatore Elettrico<\/h2>\n<p>&nbsp;<\/p>\n<p><strong>Attivit\u00e0<\/strong><\/p>\n<p>La risorsa inserita nel team operativo far\u00e0 parte di una delle squadre si occuper\u00e0 nei cantieri del lavoro in cantiere che comprender\u00e0 organizzazione materiali, componenti e strumenti, installazione e cablaggi, avviamento e collaudo degli impianti presso i nostri clienti.<\/p>\n<p><strong>Requisiti<\/strong><\/p>\n<p>La risorsa dovr\u00e0 essere in grado di eseguire, in autonomia, installazione in cantiere di impianti elettrici, diagnostica, riparazioni, smontaggio e rimontaggio di componenti elettrici, programmazione TVCC, antifurto e incendio, installazione e manutenzione cabine Media Tensione.<br \/>\nConoscenza ed interpretazione schematica elettrica funzionale ed unifilare di base;<br \/>\nConoscenza protezioni elettriche di base delle condizioni di lavoro in sicurezza secondo 81\/08;<br \/>\nConoscenza dei principi di funzionamento basilari delle macchine elettriche rotanti (motori) e statiche (trasformatori);<br \/>\nConoscenza dei principi di funzionamento quadri di continuit\u00e0 (UPS\/IPS\/QCC);<br \/>\nAnalisi\/soluzione di guasti elettrici su impianti di produzione e sistemi di automazione;<br \/>\nRedazione report d\u2019intervento giornaliero e per lavoro\/commessa.<br \/>\nCi rivolgiamo a candidati giovani e brillanti che abbiano voglia di inserirsi in un team dinamico e orientato all\u2019innovazione.<\/p>\n<p>&nbsp;<\/p>\n<p><strong>Requisiti Richiesti<\/strong><\/p>\n<p>Diploma da istituto professionale o Istituto tecnico industriale a indirizzo Elettrotecnico o equivalente;<br \/>\nEsperienza lavorativa di almeno 4-5 anni nel campo elettrico.<br \/>\nMolto Apprezzato sar\u00e0 il possesso dei requisiti ovvero degli attestati di partecipazione a corsi quali:<\/p>\n<ul>\n<li>PEV, PAS, PEI aggiornato;<\/li>\n<li>Manutenzione Cabine MT\/BT secondo vigenti normative;<\/li>\n<li>Abilitazione Lavori in quota;<\/li>\n<li>Abilitazione ad operare con PLE;<\/li>\n<li>Primo Soccorso e antincendio;<\/li>\n<li>Abilitazione all\u2019uso del muletto;<\/li>\n<li>Abilitazione all\u2019uso di gru su camion;<\/li>\n<\/ul>\n<p>Capacit\u00e0 di interfacciarsi tecnicamente con i supervisori dei lavori e con il personale delle imprese committenti;<br \/>\nOttime capacit\u00e0 relazionali;<br \/>\nFlessibilit\u00e0 e orientamento proattivo al problem solving<br \/>\nSar\u00e0 gradita una conoscenza della lingua inglese base;<\/p>\n<p><strong>Sede Azienda<\/strong>: Mossano -VI-<\/p>\n<p><strong>Luogo di Lavoro<\/strong>: cantieri dislocati in diverse zone;<\/p>\n<p>Si Offre Contratto commisurato all\u2019esperienza basato sul CCNL Metalmeccanico.<\/p>\n<p>[\/vc_column_text][\/vc_column][vc_column width=&#8221;1\/2&#8243;]\n<div class=\"wpcf7 no-js\" id=\"wpcf7-f58204-o1\" lang=\"it-IT\" dir=\"ltr\">\n<div class=\"screen-reader-response\"><p role=\"status\" aria-live=\"polite\" aria-atomic=\"true\"><\/p> <ul><\/ul><\/div>\n<form action=\"\/it\/wp-json\/wp\/v2\/pages\/58202#wpcf7-f58204-o1\" method=\"post\" class=\"wpcf7-form init default\" aria-label=\"Modulo di contatto\" enctype=\"multipart\/form-data\" novalidate=\"novalidate\" data-status=\"init\">\n<div style=\"display: none;\">\n<input type=\"hidden\" name=\"_wpcf7\" value=\"58204\" \/>\n<input type=\"hidden\" name=\"_wpcf7_version\" value=\"5.7.5.1\" \/>\n<input type=\"hidden\" name=\"_wpcf7_locale\" value=\"it_IT\" \/>\n<input type=\"hidden\" name=\"_wpcf7_unit_tag\" value=\"wpcf7-f58204-o1\" \/>\n<input type=\"hidden\" name=\"_wpcf7_container_post\" value=\"0\" \/>\n<input type=\"hidden\" name=\"_wpcf7_posted_data_hash\" value=\"\" \/>\n<input type=\"hidden\" name=\"_wpcf7_recaptcha_response\" value=\"\" \/>\n<\/div>\n<p><label> Nome <span class=\"wpcf7-form-control-wrap\" data-name=\"your-name\"><input size=\"40\" class=\"wpcf7-form-control wpcf7-text wpcf7-validates-as-required\" aria-required=\"true\" aria-invalid=\"false\" value=\"\" type=\"text\" name=\"your-name\" \/><\/span> <\/label>\n<\/p>\n<p><label> Cognome <span class=\"wpcf7-form-control-wrap\" data-name=\"your-surname\"><input size=\"40\" class=\"wpcf7-form-control wpcf7-text wpcf7-validates-as-required\" aria-required=\"true\" aria-invalid=\"false\" value=\"\" type=\"text\" name=\"your-surname\" \/><\/span> <\/label>\n<\/p>\n<p><label> Data di nascita <span class=\"wpcf7-form-control-wrap\" data-name=\"your-birth\"><input size=\"40\" class=\"wpcf7-form-control wpcf7-text wpcf7-validates-as-required\" aria-required=\"true\" aria-invalid=\"false\" value=\"\" type=\"text\" name=\"your-birth\" \/><\/span> <\/label>\n<\/p>\n<p><label> Residente a <span class=\"wpcf7-form-control-wrap\" data-name=\"your-city\"><input size=\"40\" class=\"wpcf7-form-control wpcf7-text wpcf7-validates-as-required\" aria-required=\"true\" aria-invalid=\"false\" value=\"\" type=\"text\" name=\"your-city\" \/><\/span> <\/label>\n<\/p>\n<p>Sesso: <span class=\"wpcf7-form-control-wrap\" data-name=\"radio-193\"><span class=\"wpcf7-form-control wpcf7-radio\"><span class=\"wpcf7-list-item first\"><label><span class=\"wpcf7-list-item-label\">Maschio<\/span><input type=\"radio\" name=\"radio-193\" value=\"Maschio\" checked=\"checked\" \/><\/label><\/span><span class=\"wpcf7-list-item last\"><label><span class=\"wpcf7-list-item-label\">Femmina<\/span><input type=\"radio\" name=\"radio-193\" value=\"Femmina\" \/><\/label><\/span><\/span><\/span>\n<\/p>\n<p><label> Email <span class=\"wpcf7-form-control-wrap\" data-name=\"your-email\"><input size=\"40\" class=\"wpcf7-form-control wpcf7-text wpcf7-email wpcf7-validates-as-required wpcf7-validates-as-email\" aria-required=\"true\" aria-invalid=\"false\" value=\"\" type=\"email\" name=\"your-email\" \/><\/span> <\/label>\n<\/p>\n<p><label> Telefono <span class=\"wpcf7-form-control-wrap\" data-name=\"your-telephone\"><input size=\"40\" class=\"wpcf7-form-control wpcf7-text\" aria-invalid=\"false\" value=\"\" type=\"text\" name=\"your-telephone\" \/><\/span> <\/label>\n<\/p>\n<p><label> Allega il tuo curriculum <span class=\"wpcf7-form-control-wrap\" data-name=\"file-116\"><input size=\"40\" class=\"wpcf7-form-control wpcf7-file wpcf7-validates-as-required\" accept=\"audio\/*,video\/*,image\/*\" aria-required=\"true\" aria-invalid=\"false\" type=\"file\" name=\"file-116\" \/><\/span> <\/label>\n<\/p>\n<p><span class=\"wpcf7-form-control-wrap\" data-name=\"checkbox-994\"><span class=\"wpcf7-form-control wpcf7-checkbox wpcf7-validates-as-required\"><span class=\"wpcf7-list-item first last\"><input type=\"checkbox\" name=\"checkbox-994[]\" value=\"\" \/><span class=\"wpcf7-list-item-label\"><\/span><\/span><\/span><\/span> Fornisco il mio consenso al trattamento dei dati personali secondo il <a href=\"\/informativa-per-i-candidati\/\" target=\"_blank\">Regolamento Europeo sul trattamento dei dati personali (GDPR \u2013 Reg. U.E. 679\/16).<\/a>\n<\/p>\n\n<p><input class=\"wpcf7-form-control has-spinner wpcf7-submit\" type=\"submit\" value=\"Invia\" \/>\n<\/p><div class=\"wpcf7-response-output\" aria-hidden=\"true\"><\/div>\n<\/form>\n<\/div>\n[\/vc_column][\/vc_row]<\/p>","protected":false},"excerpt":{"rendered":"<p>[vc_row row_type=&#8221;row&#8221; use_row_as_full_screen_section=&#8221;no&#8221; type=&#8221;full_width&#8221; text_align=&#8221;left&#8221; css_animation=&#8221;&#8221; box_shadow_on_row=&#8221;no&#8221;][vc_column width=&#8221;1\/2&#8243;][vc_column_text] Tecnico Operatore Elettrico &nbsp; Attivit\u00e0 La risorsa inserita nel team operativo far\u00e0 parte di una delle squadre si occuper\u00e0 nei cantieri del lavoro in cantiere che comprender\u00e0 organizzazione materiali, componenti e strumenti, installazione e cablaggi, avviamento e&#8230;<\/p>\n","protected":false},"author":1,"featured_media":0,"parent":58190,"menu_order":0,"comment_status":"closed","ping_status":"closed","template":"","meta":[],"yoast_head":"<!-- This site is optimized with the Yoast SEO plugin v20.4 - https:\/\/yoast.com\/wordpress\/plugins\/seo\/ -->\n<title>Tecnico Operatore Elettrico - Pellegrin Impianti<\/title>\n<meta name=\"robots\" content=\"index, follow, max-snippet:-1, max-image-preview:large, max-video-preview:-1\" \/>\n<link rel=\"canonical\" href=\"https:\/\/www.pellegrin-impianti.eu\/it\/lavora-con-noi\/tecnico-operatore-elettrico\/\" \/>\n<meta property=\"og:locale\" content=\"it_IT\" \/>\n<meta property=\"og:type\" content=\"article\" \/>\n<meta property=\"og:title\" content=\"[:it]Tecnico Operatore Elettrico[:] - Pellegrin Impianti\" \/>\n<meta property=\"og:description\" content=\"[vc_row row_type=&#8221;row&#8221; use_row_as_full_screen_section=&#8221;no&#8221; type=&#8221;full_width&#8221; text_align=&#8221;left&#8221; css_animation=&#8221;&#8221; box_shadow_on_row=&#8221;no&#8221;][vc_column width=&#8221;1\/2&#8243;][vc_column_text] Tecnico Operatore Elettrico &nbsp; Attivit\u00e0 La risorsa inserita nel team operativo far\u00e0 parte di una delle squadre si occuper\u00e0 nei cantieri del lavoro in cantiere che comprender\u00e0 organizzazione materiali, componenti e strumenti, installazione e cablaggi, avviamento e...\" \/>\n<meta property=\"og:url\" content=\"https:\/\/www.pellegrin-impianti.eu\/it\/lavora-con-noi\/tecnico-operatore-elettrico\/\" \/>\n<meta property=\"og:site_name\" content=\"Pellegrin Impianti\" \/>\n<meta property=\"article:modified_time\" content=\"2021-07-23T07:28:29+00:00\" \/>\n<meta name=\"twitter:card\" content=\"summary_large_image\" \/>\n<meta name=\"twitter:label1\" content=\"Tempo di lettura stimato\" \/>\n\t<meta name=\"twitter:data1\" content=\"2 minuti\" \/>\n<script type=\"application\/ld+json\" class=\"yoast-schema-graph\">{\"@context\":\"https:\/\/schema.org\",\"@graph\":[{\"@type\":\"WebPage\",\"@id\":\"https:\/\/www.pellegrin-impianti.eu\/it\/lavora-con-noi\/tecnico-operatore-elettrico\/\",\"url\":\"https:\/\/www.pellegrin-impianti.eu\/it\/lavora-con-noi\/tecnico-operatore-elettrico\/\",\"name\":\"[:it]Tecnico Operatore Elettrico[:] - Pellegrin Impianti\",\"isPartOf\":{\"@id\":\"https:\/\/www.pellegrin-impianti.eu\/it\/#website\"},\"datePublished\":\"2017-08-03T07:41:00+00:00\",\"dateModified\":\"2021-07-23T07:28:29+00:00\",\"breadcrumb\":{\"@id\":\"https:\/\/www.pellegrin-impianti.eu\/it\/lavora-con-noi\/tecnico-operatore-elettrico\/#breadcrumb\"},\"inLanguage\":\"it-IT\",\"potentialAction\":[{\"@type\":\"ReadAction\",\"target\":[\"https:\/\/www.pellegrin-impianti.eu\/it\/lavora-con-noi\/tecnico-operatore-elettrico\/\"]}]},{\"@type\":\"BreadcrumbList\",\"@id\":\"https:\/\/www.pellegrin-impianti.eu\/it\/lavora-con-noi\/tecnico-operatore-elettrico\/#breadcrumb\",\"itemListElement\":[{\"@type\":\"ListItem\",\"position\":1,\"name\":\"Home\",\"item\":\"https:\/\/www.pellegrin-impianti.eu\/it\/\"},{\"@type\":\"ListItem\",\"position\":2,\"name\":\"Lavora con noi\",\"item\":\"https:\/\/www.pellegrin-impianti.eu\/it\/lavora-con-noi\/\"},{\"@type\":\"ListItem\",\"position\":3,\"name\":\"Tecnico Operatore Elettrico\"}]},{\"@type\":\"WebSite\",\"@id\":\"https:\/\/www.pellegrin-impianti.eu\/it\/#website\",\"url\":\"https:\/\/www.pellegrin-impianti.eu\/it\/\",\"name\":\"Pellegrin Impianti\",\"description\":\"Impianti elettrici civili e industriali\",\"potentialAction\":[{\"@type\":\"SearchAction\",\"target\":{\"@type\":\"EntryPoint\",\"urlTemplate\":\"https:\/\/www.pellegrin-impianti.eu\/it\/?s={search_term_string}\"},\"query-input\":\"required name=search_term_string\"}],\"inLanguage\":\"it-IT\"}]}<\/script>\n<!-- \/ Yoast SEO plugin. -->","yoast_head_json":{"title":"[:it]Tecnico Operatore Elettrico[:] - Pellegrin Impianti","robots":{"index":"index","follow":"follow","max-snippet":"max-snippet:-1","max-image-preview":"max-image-preview:large","max-video-preview":"max-video-preview:-1"},"canonical":"https:\/\/www.pellegrin-impianti.eu\/it\/lavora-con-noi\/tecnico-operatore-elettrico\/","og_locale":"it_IT","og_type":"article","og_title":"[:it]Tecnico Operatore Elettrico[:] - Pellegrin Impianti","og_description":"[vc_row row_type=&#8221;row&#8221; use_row_as_full_screen_section=&#8221;no&#8221; type=&#8221;full_width&#8221; text_align=&#8221;left&#8221; css_animation=&#8221;&#8221; box_shadow_on_row=&#8221;no&#8221;][vc_column width=&#8221;1\/2&#8243;][vc_column_text] Tecnico Operatore Elettrico &nbsp; Attivit\u00e0 La risorsa inserita nel team operativo far\u00e0 parte di una delle squadre si occuper\u00e0 nei cantieri del lavoro in cantiere che comprender\u00e0 organizzazione materiali, componenti e strumenti, installazione e cablaggi, avviamento e...","og_url":"https:\/\/www.pellegrin-impianti.eu\/it\/lavora-con-noi\/tecnico-operatore-elettrico\/","og_site_name":"Pellegrin Impianti","article_modified_time":"2021-07-23T07:28:29+00:00","twitter_card":"summary_large_image","twitter_misc":{"Tempo di lettura stimato":"2 minuti"},"schema":{"@context":"https:\/\/schema.org","@graph":[{"@type":"WebPage","@id":"https:\/\/www.pellegrin-impianti.eu\/it\/lavora-con-noi\/tecnico-operatore-elettrico\/","url":"https:\/\/www.pellegrin-impianti.eu\/it\/lavora-con-noi\/tecnico-operatore-elettrico\/","name":"[:it]Tecnico Operatore Elettrico[:] - Pellegrin Impianti","isPartOf":{"@id":"https:\/\/www.pellegrin-impianti.eu\/it\/#website"},"datePublished":"2017-08-03T07:41:00+00:00","dateModified":"2021-07-23T07:28:29+00:00","breadcrumb":{"@id":"https:\/\/www.pellegrin-impianti.eu\/it\/lavora-con-noi\/tecnico-operatore-elettrico\/#breadcrumb"},"inLanguage":"it-IT","potentialAction":[{"@type":"ReadAction","target":["https:\/\/www.pellegrin-impianti.eu\/it\/lavora-con-noi\/tecnico-operatore-elettrico\/"]}]},{"@type":"BreadcrumbList","@id":"https:\/\/www.pellegrin-impianti.eu\/it\/lavora-con-noi\/tecnico-operatore-elettrico\/#breadcrumb","itemListElement":[{"@type":"ListItem","position":1,"name":"Home","item":"https:\/\/www.pellegrin-impianti.eu\/it\/"},{"@type":"ListItem","position":2,"name":"Lavora con noi","item":"https:\/\/www.pellegrin-impianti.eu\/it\/lavora-con-noi\/"},{"@type":"ListItem","position":3,"name":"Tecnico Operatore Elettrico"}]},{"@type":"WebSite","@id":"https:\/\/www.pellegrin-impianti.eu\/it\/#website","url":"https:\/\/www.pellegrin-impianti.eu\/it\/","name":"Pellegrin Impianti","description":"Impianti elettrici civili e industriali","potentialAction":[{"@type":"SearchAction","target":{"@type":"EntryPoint","urlTemplate":"https:\/\/www.pellegrin-impianti.eu\/it\/?s={search_term_string}"},"query-input":"required name=search_term_string"}],"inLanguage":"it-IT"}]}},"_links":{"self":[{"href":"https:\/\/www.pellegrin-impianti.eu\/it\/wp-json\/wp\/v2\/pages\/58202"}],"collection":[{"href":"https:\/\/www.pellegrin-impianti.eu\/it\/wp-json\/wp\/v2\/pages"}],"about":[{"href":"https:\/\/www.pellegrin-impianti.eu\/it\/wp-json\/wp\/v2\/types\/page"}],"author":[{"embeddable":true,"href":"https:\/\/www.pellegrin-impianti.eu\/it\/wp-json\/wp\/v2\/users\/1"}],"replies":[{"embeddable":true,"href":"https:\/\/www.pellegrin-impianti.eu\/it\/wp-json\/wp\/v2\/comments?post=58202"}],"version-history":[{"count":2,"href":"https:\/\/www.pellegrin-impianti.eu\/it\/wp-json\/wp\/v2\/pages\/58202\/revisions"}],"predecessor-version":[{"id":58205,"href":"https:\/\/www.pellegrin-impianti.eu\/it\/wp-json\/wp\/v2\/pages\/58202\/revisions\/58205"}],"up":[{"embeddable":true,"href":"https:\/\/www.pellegrin-impianti.eu\/it\/wp-json\/wp\/v2\/pages\/58190"}],"wp:attachment":[{"href":"https:\/\/www.pellegrin-impianti.eu\/it\/wp-json\/wp\/v2\/media?parent=58202"}],"curies":[{"name":"wp","href":"https:\/\/api.w.org\/{rel}","templated":true}]}}