{"id":58261,"date":"2017-09-06T15:32:41","date_gmt":"2017-09-06T13:32:41","guid":{"rendered":"http:\/\/www.pellegrin-impianti.eu\/illuminotecnica-vicenza-copy\/"},"modified":"2021-07-23T09:28:29","modified_gmt":"2021-07-23T07:28:29","slug":"domotica-vicenza","status":"publish","type":"page","link":"https:\/\/www.pellegrin-impianti.eu\/it\/domotica-vicenza\/","title":{"rendered":"Domotica Vicenza"},"content":{"rendered":"<p>[vc_row row_type=&#8221;row&#8221; use_row_as_full_screen_section=&#8221;no&#8221; type=&#8221;full_width&#8221; text_align=&#8221;left&#8221; css_animation=&#8221;&#8221; box_shadow_on_row=&#8221;no&#8221;][vc_column][vc_column_text css=&#8221;.vc_custom_1504705475768{padding-bottom: 20px !important;}&#8221;]<\/p>\n<h1>Soluzioni di domotica per una casa sempre pi\u00f9 intelligente<\/h1>\n<p>[\/vc_column_text][vc_column_text css=&#8221;.vc_custom_1544018877998{padding-bottom: 20px !important;}&#8221;]<\/p>\n<h2>Pellegrin Impianti offre servizi di automazione domotica a Vicenza e provincia.<\/h2>\n<div id=\"attachment_57684\" style=\"width: 1034px\" class=\"wp-caption aligncenter\"><img aria-describedby=\"caption-attachment-57684\" loading=\"lazy\" class=\"wp-image-57684 size-large\" src=\"http:\/\/www.pellegrin-impianti.eu\/wp-content\/uploads\/2016\/02\/domotica-e1544018870557-1024x557.jpg\" alt=\"domotica vicenza\" width=\"1024\" height=\"557\" srcset=\"https:\/\/www.pellegrin-impianti.eu\/wp-content\/uploads\/2016\/02\/domotica-e1544018870557-1024x557.jpg 1024w, https:\/\/www.pellegrin-impianti.eu\/wp-content\/uploads\/2016\/02\/domotica-e1544018870557-300x163.jpg 300w, https:\/\/www.pellegrin-impianti.eu\/wp-content\/uploads\/2016\/02\/domotica-e1544018870557-768x417.jpg 768w, https:\/\/www.pellegrin-impianti.eu\/wp-content\/uploads\/2016\/02\/domotica-e1544018870557-700x380.jpg 700w, https:\/\/www.pellegrin-impianti.eu\/wp-content\/uploads\/2016\/02\/domotica-e1544018870557.jpg 1562w\" sizes=\"(max-width: 1024px) 100vw, 1024px\" \/><p id=\"caption-attachment-57684\" class=\"wp-caption-text\">domotica vicenza<\/p><\/div>\n<p>[\/vc_column_text][vc_column_text css=&#8221;.vc_custom_1544018616915{padding-bottom: 20px !important;}&#8221;]<strong>Domotica<\/strong> vuol dire integrazione tecnologica degli impianti di casa o della tua azienda, i quali diventano gestibili e programmabili da remoto tramite un unico sistema centralizzato.<br \/>\nI nostri servizi di <strong>progettazione e installazione di sistemi di automazione e domotica<\/strong> si rivolgono alle aziende e ai privati di Vicenza e provincia, per la gestione di tutti gli impianti, come ad esempio:<\/p>\n<ul>\n<li><strong>illuminazione:<\/strong> per programmare accensione e spegnimento, creare scenari e gestire al meglio i consumi;<\/li>\n<li><strong>automazione:<\/strong> per porte, cancelli, serrande, basculanti e tende;<\/li>\n<li><strong>sicurezza:<\/strong> antintrusione, CCTV, incendio, allagamento e fughe di gas;<\/li>\n<li><strong>climatizzazione:<\/strong> riscaldamento e condizionamento;<\/li>\n<li><strong>irrigazione:<\/strong> programmazione e gestione dei consumi;<\/li>\n<li><strong>elettrodomestici:<\/strong> gestione a distanza, controllo dei consumi;<\/li>\n<li><strong>multimedia:<\/strong> TV, home cinema, diffusione audio e video;<\/li>\n<li>altro ancora&#8230;<\/li>\n<\/ul>\n<p>Nella progettazione del proprio impianto di domotica \u00e8 possibile comprendere uno o pi\u00f9 dei servizi sopraelencati. L&#8217;installazione di un impianto di domotica non \u00e8 solo un vezzo, bens\u00ec permette di ottimizzare i consumi energetici, di vivere sereni e di mantenere il totale controllo sui dispositivi sfruttandone al massimo le potenzialit\u00e0.<\/p>\n<h2>La domotica integrata ai sistemi di produzione di energia rinnovabile<\/h2>\n<p>Ci occupiamo anche di fornire sistemi in cui <strong>la domotica si integra al sistema domestico, o aziendale<\/strong>, di produzione di energia pulita, in primis fotovoltaico. La pi\u00f9 conveniente e pi\u00f9 avanguardista delle tecnologie nel campo dell&#8217;indipendenza energetica, consente di sfruttare al meglio l&#8217;energia prodotta dal proprio impianto, eliminando qualsiasi spreco e massimizzando l&#8217;autoconsumo. Contattaci per saperne di pi\u00f9.[\/vc_column_text][vc_empty_space height=&#8221;25px&#8221; image_repeat=&#8221;no-repeat&#8221;][\/vc_column][\/vc_row][vc_row row_type=&#8221;row&#8221; use_row_as_full_screen_section=&#8221;no&#8221; type=&#8221;full_width&#8221; text_align=&#8221;left&#8221; css_animation=&#8221;&#8221; box_shadow_on_row=&#8221;no&#8221;][vc_column width=&#8221;1\/3&#8243;][\/vc_column][vc_column width=&#8221;1\/3&#8243;]<a href=\"http:\/\/www.pellegrin-impianti.eu\/it\/contatti\/\" target=\"_self\"  class=\"qbutton  big_large icon_right\" style=\"\">CONTATTACI PER INFORMAZIONI E PREVENTIVI<\/a>[\/vc_column][vc_column width=&#8221;1\/3&#8243;][\/vc_column][\/vc_row][vc_row row_type=&#8221;row&#8221; use_row_as_full_screen_section=&#8221;no&#8221; type=&#8221;full_width&#8221; text_align=&#8221;left&#8221; css_animation=&#8221;&#8221; box_shadow_on_row=&#8221;no&#8221;][vc_column][vc_empty_space height=&#8221;25px&#8221; image_repeat=&#8221;no-repeat&#8221;][vc_column_text css=&#8221;.vc_custom_1504706261600{padding-bottom: 20px !important;}&#8221;]Il termine <strong>domotica<\/strong> deriva dall\u2019unione del nome \u201cdomus&#8221; (casa) e dell&#8217;aggettivo &#8220;automatica&#8221;. Nota anche con il nome di &#8220;home automation&#8221; si propone, attraverso la tecnologia, il miglioramento della vivibilit\u00e0 dello spazio abitativo.<br \/>\nElementi, apparecchiature e sistemi elettronici di una casa interagiscono tra loro, semplificandone la gestione.<\/p>\n<p>La domotica \u00e8 soprattutto l\u2019opportunit\u00e0 di usufruire di servizi maggiori e complementari, la possibilit\u00e0 di far diventare la casa o l\u2019edificio un luogo in grado di comunicare e\u00a0rispondere alle <strong>nuove esigenze\u00a0dell\u2019abitare<\/strong> e in generale del confort negli ambienti. Semplifica la messa in atto di quelle azioni che si svolgono in modo ripetitivo, regolandole in modo intelligente.<\/p>\n<p>&nbsp;<\/p>\n<p>Domotica significa:<\/p>\n<ul>\n<li><strong>integrazione<\/strong> tra i diversi impianti cos\u00ec che possano essere diretti con una logica comune;<\/li>\n<li><strong>modularit\u00e0<\/strong>, perch\u00e9\u00a0gli impianti vengono introdotti a poco a poco, una volta definita una base e compatibilmente con le esigenze dei clienti;<\/li>\n<li><strong>efficienza energetica<\/strong>, grazie al controllo dei consumi ma anche e soprattutto alla riduzione dei gas serra, in tutti gli ambiti: civile, terziario, industriale e pubblico. Questo \u00e8 possibile grazie alla termoregolazione e all\u2019illuminazione intelligente, che integra la luce artificiale con quella naturale, attivandosi solo in presenza delle persone.<br \/>\nGarantisce inoltre il controllo costante dei carichi di energia, che consente di non oltrepassare la potenza consentita in prelievo;<\/li>\n<li><strong>design<\/strong>, perch\u00e9 una casa <em>smart<\/em> non \u00e8 solo efficiente ma anche bella, grazie ad una vastissima scelta di elementi di comando che vanno dai pi\u00f9 semplici ai pi\u00f9 complessi e preziosi;<\/li>\n<li><strong>sicurezza<\/strong>, grazie all\u2019implementazione di dispositivi di controllo degli accessi attraverso privilegi diversi a seconda della zona in base a criteri di importanza, sensibilit\u00e0 o pericolosit\u00e0;<\/li>\n<li><strong>assistenza<\/strong> quando applicata alle realt\u00e0 che ospitano persone con disabilit\u00e0, motorie o cognitive o anziani, persone che di conseguenza hanno bisogno di maggiori cure.<\/li>\n<\/ul>\n<p>&nbsp;<\/p>\n<p>Da Pellegrin Impianti progettiamo<strong> soluzioni e automazioni per la domotica<\/strong>, al fine di rendere le parti elettriche di un edificio pi\u00f9 in linea con le necessit\u00e0 quotidiane.[\/vc_column_text][vc_empty_space height=&#8221;25px&#8221; image_repeat=&#8221;no-repeat&#8221;][\/vc_column][\/vc_row][vc_row row_type=&#8221;row&#8221; use_row_as_full_screen_section=&#8221;no&#8221; type=&#8221;full_width&#8221; text_align=&#8221;left&#8221; css_animation=&#8221;&#8221; box_shadow_on_row=&#8221;no&#8221;][vc_column width=&#8221;1\/3&#8243;][\/vc_column][vc_column width=&#8221;1\/3&#8243;]<a href=\"http:\/\/www.pellegrin-impianti.eu\/it\/contatti\/\" target=\"_self\"  class=\"qbutton  big_large icon_right\" style=\"\">CONTATTACI PER INFORMAZIONI E PREVENTIVI<\/a>[\/vc_column][vc_column width=&#8221;1\/3&#8243;][\/vc_column][\/vc_row][vc_row row_type=&#8221;row&#8221; use_row_as_full_screen_section=&#8221;no&#8221; type=&#8221;full_width&#8221; text_align=&#8221;left&#8221; css_animation=&#8221;&#8221; box_shadow_on_row=&#8221;no&#8221;][vc_column][vc_empty_space height=&#8221;25px&#8221; image_repeat=&#8221;no-repeat&#8221;][\/vc_column][\/vc_row]<\/p>","protected":false},"excerpt":{"rendered":"<p>[vc_row row_type=&#8221;row&#8221; use_row_as_full_screen_section=&#8221;no&#8221; type=&#8221;full_width&#8221; text_align=&#8221;left&#8221; css_animation=&#8221;&#8221; box_shadow_on_row=&#8221;no&#8221;][vc_column][vc_column_text css=&#8221;.vc_custom_1504705475768{padding-bottom: 20px !important;}&#8221;] Soluzioni di domotica per una casa sempre pi\u00f9 intelligente [\/vc_column_text][vc_column_text css=&#8221;.vc_custom_1544018877998{padding-bottom: 20px !important;}&#8221;] Pellegrin Impianti offre servizi di automazione domotica a Vicenza e provincia. [\/vc_column_text][vc_column_text css=&#8221;.vc_custom_1544018616915{padding-bottom: 20px !important;}&#8221;]Domotica vuol dire integrazione tecnologica degli impianti di&#8230;<\/p>\n","protected":false},"author":1,"featured_media":0,"parent":0,"menu_order":0,"comment_status":"closed","ping_status":"closed","template":"","meta":[],"yoast_head":"<!-- This site is optimized with the Yoast SEO plugin v20.4 - https:\/\/yoast.com\/wordpress\/plugins\/seo\/ -->\n<title>Domotica Vicenza - Installazione impianti automazione e domotica - Pellegrin Impianti<\/title>\n<meta name=\"description\" content=\"Da Pellegrin Impianti progettiamo soluzioni per domotica a Vicenza, per rendere le parti elettriche di un edificio in linea con le necessit\u00e0 quotidiane.\" \/>\n<meta name=\"robots\" content=\"index, follow, max-snippet:-1, max-image-preview:large, max-video-preview:-1\" \/>\n<link rel=\"canonical\" href=\"http:\/\/www.pellegrin-impianti.eu\/domotica-vicenza\/\" \/>\n<meta property=\"og:locale\" content=\"it_IT\" \/>\n<meta property=\"og:type\" content=\"article\" \/>\n<meta property=\"og:title\" content=\"Domotica Vicenza - Installazione impianti automazione e domotica - Pellegrin Impianti\" \/>\n<meta property=\"og:description\" content=\"Da Pellegrin Impianti progettiamo soluzioni per domotica a Vicenza, per rendere le parti elettriche di un edificio in linea con le necessit\u00e0 quotidiane.\" \/>\n<meta property=\"og:url\" content=\"http:\/\/www.pellegrin-impianti.eu\/domotica-vicenza\/\" \/>\n<meta property=\"og:site_name\" content=\"Pellegrin Impianti\" \/>\n<meta property=\"article:modified_time\" content=\"2021-07-23T07:28:29+00:00\" \/>\n<meta property=\"og:image\" content=\"http:\/\/www.pellegrin-impianti.eu\/wp-content\/uploads\/2016\/02\/domotica-e1544018870557-1024x557.jpg\" \/>\n<meta name=\"twitter:card\" content=\"summary_large_image\" \/>\n<meta name=\"twitter:label1\" content=\"Tempo di lettura stimato\" \/>\n\t<meta name=\"twitter:data1\" content=\"4 minuti\" \/>\n<script type=\"application\/ld+json\" class=\"yoast-schema-graph\">{\"@context\":\"https:\/\/schema.org\",\"@graph\":[{\"@type\":\"WebPage\",\"@id\":\"https:\/\/www.pellegrin-impianti.eu\/it\/domotica-vicenza\/\",\"url\":\"http:\/\/www.pellegrin-impianti.eu\/domotica-vicenza\/\",\"name\":\"Domotica Vicenza - Installazione impianti automazione e domotica - Pellegrin Impianti\",\"isPartOf\":{\"@id\":\"https:\/\/www.pellegrin-impianti.eu\/it\/#website\"},\"datePublished\":\"2017-09-06T13:32:41+00:00\",\"dateModified\":\"2021-07-23T07:28:29+00:00\",\"description\":\"Da Pellegrin Impianti progettiamo soluzioni per domotica a Vicenza, per rendere le parti elettriche di un edificio in linea con le necessit\u00e0 quotidiane.\",\"breadcrumb\":{\"@id\":\"http:\/\/www.pellegrin-impianti.eu\/domotica-vicenza\/#breadcrumb\"},\"inLanguage\":\"it-IT\",\"potentialAction\":[{\"@type\":\"ReadAction\",\"target\":[\"http:\/\/www.pellegrin-impianti.eu\/domotica-vicenza\/\"]}]},{\"@type\":\"BreadcrumbList\",\"@id\":\"http:\/\/www.pellegrin-impianti.eu\/domotica-vicenza\/#breadcrumb\",\"itemListElement\":[{\"@type\":\"ListItem\",\"position\":1,\"name\":\"Home\",\"item\":\"https:\/\/www.pellegrin-impianti.eu\/it\/\"},{\"@type\":\"ListItem\",\"position\":2,\"name\":\"Domotica Vicenza\"}]},{\"@type\":\"WebSite\",\"@id\":\"https:\/\/www.pellegrin-impianti.eu\/it\/#website\",\"url\":\"https:\/\/www.pellegrin-impianti.eu\/it\/\",\"name\":\"Pellegrin Impianti\",\"description\":\"Impianti elettrici civili e industriali\",\"potentialAction\":[{\"@type\":\"SearchAction\",\"target\":{\"@type\":\"EntryPoint\",\"urlTemplate\":\"https:\/\/www.pellegrin-impianti.eu\/it\/?s={search_term_string}\"},\"query-input\":\"required name=search_term_string\"}],\"inLanguage\":\"it-IT\"}]}<\/script>\n<!-- \/ Yoast SEO plugin. -->","yoast_head_json":{"title":"Domotica Vicenza - Installazione impianti automazione e domotica - Pellegrin Impianti","description":"Da Pellegrin Impianti progettiamo soluzioni per domotica a Vicenza, per rendere le parti elettriche di un edificio in linea con le necessit\u00e0 quotidiane.","robots":{"index":"index","follow":"follow","max-snippet":"max-snippet:-1","max-image-preview":"max-image-preview:large","max-video-preview":"max-video-preview:-1"},"canonical":"http:\/\/www.pellegrin-impianti.eu\/domotica-vicenza\/","og_locale":"it_IT","og_type":"article","og_title":"Domotica Vicenza - Installazione impianti automazione e domotica - Pellegrin Impianti","og_description":"Da Pellegrin Impianti progettiamo soluzioni per domotica a Vicenza, per rendere le parti elettriche di un edificio in linea con le necessit\u00e0 quotidiane.","og_url":"http:\/\/www.pellegrin-impianti.eu\/domotica-vicenza\/","og_site_name":"Pellegrin Impianti","article_modified_time":"2021-07-23T07:28:29+00:00","og_image":[{"url":"http:\/\/www.pellegrin-impianti.eu\/wp-content\/uploads\/2016\/02\/domotica-e1544018870557-1024x557.jpg"}],"twitter_card":"summary_large_image","twitter_misc":{"Tempo di lettura stimato":"4 minuti"},"schema":{"@context":"https:\/\/schema.org","@graph":[{"@type":"WebPage","@id":"https:\/\/www.pellegrin-impianti.eu\/it\/domotica-vicenza\/","url":"http:\/\/www.pellegrin-impianti.eu\/domotica-vicenza\/","name":"Domotica Vicenza - Installazione impianti automazione e domotica - Pellegrin Impianti","isPartOf":{"@id":"https:\/\/www.pellegrin-impianti.eu\/it\/#website"},"datePublished":"2017-09-06T13:32:41+00:00","dateModified":"2021-07-23T07:28:29+00:00","description":"Da Pellegrin Impianti progettiamo soluzioni per domotica a Vicenza, per rendere le parti elettriche di un edificio in linea con le necessit\u00e0 quotidiane.","breadcrumb":{"@id":"http:\/\/www.pellegrin-impianti.eu\/domotica-vicenza\/#breadcrumb"},"inLanguage":"it-IT","potentialAction":[{"@type":"ReadAction","target":["http:\/\/www.pellegrin-impianti.eu\/domotica-vicenza\/"]}]},{"@type":"BreadcrumbList","@id":"http:\/\/www.pellegrin-impianti.eu\/domotica-vicenza\/#breadcrumb","itemListElement":[{"@type":"ListItem","position":1,"name":"Home","item":"https:\/\/www.pellegrin-impianti.eu\/it\/"},{"@type":"ListItem","position":2,"name":"Domotica Vicenza"}]},{"@type":"WebSite","@id":"https:\/\/www.pellegrin-impianti.eu\/it\/#website","url":"https:\/\/www.pellegrin-impianti.eu\/it\/","name":"Pellegrin Impianti","description":"Impianti elettrici civili e industriali","potentialAction":[{"@type":"SearchAction","target":{"@type":"EntryPoint","urlTemplate":"https:\/\/www.pellegrin-impianti.eu\/it\/?s={search_term_string}"},"query-input":"required name=search_term_string"}],"inLanguage":"it-IT"}]}},"_links":{"self":[{"href":"https:\/\/www.pellegrin-impianti.eu\/it\/wp-json\/wp\/v2\/pages\/58261"}],"collection":[{"href":"https:\/\/www.pellegrin-impianti.eu\/it\/wp-json\/wp\/v2\/pages"}],"about":[{"href":"https:\/\/www.pellegrin-impianti.eu\/it\/wp-json\/wp\/v2\/types\/page"}],"author":[{"embeddable":true,"href":"https:\/\/www.pellegrin-impianti.eu\/it\/wp-json\/wp\/v2\/users\/1"}],"replies":[{"embeddable":true,"href":"https:\/\/www.pellegrin-impianti.eu\/it\/wp-json\/wp\/v2\/comments?post=58261"}],"version-history":[{"count":3,"href":"https:\/\/www.pellegrin-impianti.eu\/it\/wp-json\/wp\/v2\/pages\/58261\/revisions"}],"predecessor-version":[{"id":58330,"href":"https:\/\/www.pellegrin-impianti.eu\/it\/wp-json\/wp\/v2\/pages\/58261\/revisions\/58330"}],"wp:attachment":[{"href":"https:\/\/www.pellegrin-impianti.eu\/it\/wp-json\/wp\/v2\/media?parent=58261"}],"curies":[{"name":"wp","href":"https:\/\/api.w.org\/{rel}","templated":true}]}}