{"id":58268,"date":"2017-09-06T16:01:19","date_gmt":"2017-09-06T14:01:19","guid":{"rendered":"http:\/\/www.pellegrin-impianti.eu\/domotica-vicenza-copy\/"},"modified":"2021-07-23T09:28:29","modified_gmt":"2021-07-23T07:28:29","slug":"impianti-di-videosorveglianza-vicenza","status":"publish","type":"page","link":"https:\/\/www.pellegrin-impianti.eu\/it\/impianti-di-videosorveglianza-vicenza\/","title":{"rendered":"Impianti di videosorveglianza Vicenza"},"content":{"rendered":"<p>[vc_row row_type=&#8221;row&#8221; use_row_as_full_screen_section=&#8221;no&#8221; type=&#8221;full_width&#8221; text_align=&#8221;left&#8221; css_animation=&#8221;&#8221; box_shadow_on_row=&#8221;no&#8221;][vc_column][vc_column_text css=&#8221;.vc_custom_1504706617843{padding-bottom: 20px !important;}&#8221;]<\/p>\n<h1>Impianti di videosorveglianza per un&#8217;alta sicurezza<\/h1>\n<p>[\/vc_column_text][vc_column_text css=&#8221;.vc_custom_1504706677469{padding-bottom: 20px !important;}&#8221;]<\/p>\n<h2><strong>I\u00a0migliori sistemi di videosorveglianza domestica e industriale a Vicenza. <\/strong><\/h2>\n<p>[\/vc_column_text][vc_column_text css=&#8221;.vc_custom_1544019795379{padding-bottom: 20px !important;}&#8221;]La videosorveglianza \u00e8 una tipologia di <strong>vigilanza elettronica<\/strong> particolarmente diffusa nel campo della vigilanza sia privata che pubblica. I sistemi di videosorveglianza permettono di controllare a distanza un&#8217;area o un bene mediante l&#8217;impiego di videocamere. La funzione di questi sistemi di sorveglianza \u00e8 quella di consentire la visione di immagini in tempo reale e\/o, pi\u00f9 spesso, la <strong>registrazione<\/strong> per la successiva ricostruzione di eventi.<\/p>\n<p><img loading=\"lazy\" class=\"aligncenter wp-image-58009 size-large\" src=\"http:\/\/www.pellegrin-impianti.eu\/wp-content\/uploads\/2016\/03\/video-sorveglianza-e1544019784277-1024x498.jpg\" alt=\"videosorveglianza Vicenza\" width=\"1024\" height=\"498\" srcset=\"https:\/\/www.pellegrin-impianti.eu\/wp-content\/uploads\/2016\/03\/video-sorveglianza-e1544019784277-1024x498.jpg 1024w, https:\/\/www.pellegrin-impianti.eu\/wp-content\/uploads\/2016\/03\/video-sorveglianza-e1544019784277-300x146.jpg 300w, https:\/\/www.pellegrin-impianti.eu\/wp-content\/uploads\/2016\/03\/video-sorveglianza-e1544019784277-768x373.jpg 768w, https:\/\/www.pellegrin-impianti.eu\/wp-content\/uploads\/2016\/03\/video-sorveglianza-e1544019784277-700x340.jpg 700w, https:\/\/www.pellegrin-impianti.eu\/wp-content\/uploads\/2016\/03\/video-sorveglianza-e1544019784277.jpg 1191w\" sizes=\"(max-width: 1024px) 100vw, 1024px\" \/><\/p>\n<p>In un circuito di videosorveglianza le telecamere sono quasi sempre connesse ad un numero ben definito e limitato di dispositivi di ricezione e registrazione, per questo motivo impianti di questo genere vengono chiamati anche <strong>CCTV<\/strong>, ossia a circuito chiuso.<\/p>\n<p>Grazie alla riduzione del <strong>costo delle telecamere<\/strong>, alla costante evoluzione delle tecnologie internet e al progresso tecnologico dei dispositivi di ricezione, la videosorveglianza trova sempre pi\u00f9 diffusione nel campo della sorveglianza domestica. Al giorno \u00e8 possibile connettere il <strong>sistema di videosorveglianza domestico<\/strong> allo smartphone o tablet per controllare la propria casa in qualsiasi momento, da qualsiasi luogo.<\/p>\n<p>&nbsp;<\/p>\n<h3>Tipologie di telecamere:<\/h3>\n<p>Le tipologie di telecamere per sistemi di videosorveglianza attualmente in commercio sono 4:<\/p>\n<ul>\n<li><strong>telecamere bullet:<\/strong> forse il modello pi\u00f9 diffuso, si caratterizza per la forma cilindrica allungata (bullet in inglese significa proiettile). Possono essere installate sia all&#8217;interno che all&#8217;esterno, spesso dispongono di un sistema di zoom, possono essere dotate anche di luci per la visione infrarossi che si attivano da sole e non sono visibili all&#8217;occhio umano. Sono particolarmente adatte ad essere installate a muro, l&#8217;obiettivo della telecamera deve essere puntato verso l&#8217;area da videosorvegliare;<\/li>\n<li><strong>telecamere dome:<\/strong> sono le telecamere a forma di cupola, un modello che riscuotendo sempre pi\u00f9 successo per via della particolare versatilit\u00e0. Le telecamere dome, infatti, possono essere installate a soffitto e risultano molto discrete, o addirittura invisibili se ben camuffate, e permettono una visione a 360\u00b0 o quasi. Sono telecamere adatte sia all&#8217;installazione interna che esterna, nel secondo caso spesso si opta per l&#8217;installazione cosiddetta a \u201clampioncino\u201d. Anche questo modello di telecamera \u00e8 spesso dotato di illuminazione infrarossi invisibile all&#8217;occhio umano, spesso vengono realizzate con un vetro protettivo fum\u00e8 che impedisce di individuarne l&#8217;orientamento dell&#8217;obiettivo;<\/li>\n<li><strong>telecamere PTZ:<\/strong> con l&#8217;acronimo PTZ si individuano tutte quelle telecamere progettate per il comando a distanza di rotazione (PAN), inclinazione (TILT) e ingrandimento immagine(ZOOM). Per via delle complesse funzionalit\u00e0, questo tipo di telecamere era inizialmente molto costoso, attualmente invece risultano competitive rispetto ai 2 precedenti modelli. La possibilit\u00e0 di comandare la telecamera da remoto permette di aumentarne il raggio di sorveglianza coprendo una visuale a 360\u00b0, l&#8217;utente pu\u00f2 prenderne il controllo tramite smartphone per effettuare un \u201cpattugliamento\u201d dell&#8217;area sorvegliata, alcuni modelli permettono anche programmare dei pattugliamenti automatici periodici.<\/li>\n<\/ul>\n<p>[\/vc_column_text][vc_empty_space height=&#8221;25px&#8221; image_repeat=&#8221;no-repeat&#8221;][vc_row_inner row_type=&#8221;row&#8221; type=&#8221;full_width&#8221; use_row_as_full_screen_section_slide=&#8221;no&#8221; text_align=&#8221;left&#8221; css_animation=&#8221;&#8221; box_shadow_on_row=&#8221;no&#8221;][vc_column_inner width=&#8221;1\/3&#8243;][\/vc_column_inner][vc_column_inner width=&#8221;1\/3&#8243;]<a href=\"http:\/\/www.pellegrin-impianti.eu\/it\/contatti\/\" target=\"_self\"  class=\"qbutton  big_large icon_right\" style=\"\">CONTATTACI PER INFORMAZIONI E PREVENTIVI<\/a>[\/vc_column_inner][vc_column_inner width=&#8221;1\/3&#8243;][\/vc_column_inner][\/vc_row_inner][vc_empty_space height=&#8221;25px&#8221; image_repeat=&#8221;no-repeat&#8221;][vc_column_text css=&#8221;.vc_custom_1544019681107{padding-bottom: 20px !important;}&#8221;]Un <strong>impianto di videosorveglianza<\/strong> consente di controllare a distanza un\u2019area o un bene attraverso l\u2019utilizzo di telecamere. L\u2019esperienza di Pellegrin Impianti nel settore consente di formulare soluzioni rapide ed efficienti, selezionando la tecnologia di videosorveglianza pi\u00f9 adeguata in base al caso specifico.<\/p>\n<p>Un semplice sistema che segnali situazioni di allarme pu\u00f2 non essere sufficiente a garantire la tranquillit\u00e0 necessaria: deve perci\u00f2 essere integrato con un sistema in grado di offrire\u00a0prevenzione, monitoraggio in tempo reale\u00a0e la possibilit\u00e0, in caso di allarme o di evento significativo, di accedere alle informazioni contenute nelle registrazioni. Le telecamere di un impianto di videosorveglianza hanno proprio queste funzioni: registrare e fornire, anche in tempo reale, le immagini degli eventi per consentirne la ricostruzione.<\/p>\n<p>&nbsp;<\/p>\n<p>Per gli<strong> impianti di videosorveglianza<\/strong> si utilizza generalmente l\u2019acronimo TVCC (Televisione a circuito chiuso) ovvero telecamere che trasmettono le immagini esclusivamente a determinati set di monitor e\/o videoregistratori. Al giorno d\u2019oggi questo tipo di impianti svolgono una funzione di sicurezza passiva: registrano 24 ore su 24 e vengono utilizzati per ricostruire la dinamica dei fatti in caso di eventi pericolosi.<\/p>\n<p>Da Pellegrin Impianti ci occupiamo di sistemi di videosorveglianza sia per realt\u00e0 industriali che per abitazioni private.<br \/>\nMettiamo a vostra disposizione le pi\u00f9 diverse tipologie, sempre aggiornate sulla base degli ultimi sviluppi di settore: impianti di videosorveglianza a corto o ampio raggio, semplici oppure pi\u00f9 complessi, finalizzati all\u2019antiaggressione o alla video analisi.<br \/>\nAnche per quanto riguarda i sistemi tipo domestico ci teniamo in costante aggiornamento, integrando le videocamere con le nuove potenzialit\u00e0 offerte da internet e collegandole a smartphone e tablet.<\/p>\n<p>&nbsp;<\/p>\n<p>Come scegliere il giusto impianto di videosorveglianza? Secondo i seguenti parametri:<\/p>\n<ul>\n<li><strong>il contesto socio economico<\/strong>: abitazione privata, negozio, attivit\u00e0 commerciale-industriale, luogo pubblico;<\/li>\n<li><strong>l\u2019estensione e tipologia dell\u2019area da sorvegliare<\/strong>: stanze, esterni edificio, uffici, magazzini, aree produttive, aree di stoccaggio o parcheggi, varchi, strade, eventi sportivi, manifestazioni;<\/li>\n<li><strong>la modalit\u00e0 di utilizzo del sistema<\/strong>: guardiano presente e controllo continuo, periodica revisione dei dati, controllo da remoto, controllo al verificarsi di un evento significativo;<\/li>\n<li><strong>le finalit\u00e0 per cui il sistema viene installato<\/strong>: prevenzione e deterrente, monitoraggio in tempo reale, proteggere persone o beni, abilitare uno stato d\u2019allarme;<\/li>\n<\/ul>\n<p>&nbsp;<\/p>\n<p>Per proporvi il migliore impianto di videosorveglianza, chiariremo assieme a voi le esigenze e vi proporremo <strong>la migliore infrastruttura<\/strong> pensata ad hoc per il contesto specifico.[\/vc_column_text][vc_empty_space height=&#8221;25px&#8221; image_repeat=&#8221;no-repeat&#8221;][\/vc_column][\/vc_row][vc_row row_type=&#8221;row&#8221; use_row_as_full_screen_section=&#8221;no&#8221; type=&#8221;full_width&#8221; text_align=&#8221;left&#8221; css_animation=&#8221;&#8221; box_shadow_on_row=&#8221;no&#8221;][vc_column width=&#8221;1\/3&#8243;][\/vc_column][vc_column width=&#8221;1\/3&#8243;]<a href=\"http:\/\/www.pellegrin-impianti.eu\/it\/contatti\/\" target=\"_self\"  class=\"qbutton  big_large icon_right\" style=\"\">CONTATTACI PER INFORMAZIONI E PREVENTIVI<\/a>[\/vc_column][vc_column width=&#8221;1\/3&#8243;][\/vc_column][\/vc_row][vc_row row_type=&#8221;row&#8221; use_row_as_full_screen_section=&#8221;no&#8221; type=&#8221;full_width&#8221; text_align=&#8221;left&#8221; css_animation=&#8221;&#8221; box_shadow_on_row=&#8221;no&#8221;][vc_column][vc_empty_space height=&#8221;40px&#8221; image_repeat=&#8221;no-repeat&#8221;][\/vc_column][\/vc_row]<\/p>","protected":false},"excerpt":{"rendered":"<p>[vc_row row_type=&#8221;row&#8221; use_row_as_full_screen_section=&#8221;no&#8221; type=&#8221;full_width&#8221; text_align=&#8221;left&#8221; css_animation=&#8221;&#8221; box_shadow_on_row=&#8221;no&#8221;][vc_column][vc_column_text css=&#8221;.vc_custom_1504706617843{padding-bottom: 20px !important;}&#8221;] Impianti di videosorveglianza per un&#8217;alta sicurezza [\/vc_column_text][vc_column_text css=&#8221;.vc_custom_1504706677469{padding-bottom: 20px !important;}&#8221;] I\u00a0migliori sistemi di videosorveglianza domestica e industriale a Vicenza. [\/vc_column_text][vc_column_text css=&#8221;.vc_custom_1544019795379{padding-bottom: 20px !important;}&#8221;]La videosorveglianza \u00e8 una tipologia di vigilanza elettronica particolarmente diffusa nel campo della&#8230;<\/p>\n","protected":false},"author":1,"featured_media":0,"parent":0,"menu_order":0,"comment_status":"closed","ping_status":"closed","template":"","meta":[],"yoast_head":"<!-- This site is optimized with the Yoast SEO plugin v20.4 - https:\/\/yoast.com\/wordpress\/plugins\/seo\/ -->\n<title>Impianti videosorveglianza Vicenza - Pellegrin Impianti<\/title>\n<meta name=\"description\" content=\"Pellegrin Impianti offre una vasta gamma di impianti di videosorveglianza per uso domestico e industriale a Vicenza.\" \/>\n<meta name=\"robots\" content=\"index, follow, max-snippet:-1, max-image-preview:large, max-video-preview:-1\" \/>\n<link rel=\"canonical\" href=\"http:\/\/www.pellegrin-impianti.eu\/domotica-vicenza\/\" \/>\n<meta property=\"og:locale\" content=\"it_IT\" \/>\n<meta property=\"og:type\" content=\"article\" \/>\n<meta property=\"og:title\" content=\"Impianti videosorveglianza Vicenza - Pellegrin Impianti\" \/>\n<meta property=\"og:description\" content=\"Pellegrin Impianti offre una vasta gamma di impianti di videosorveglianza per uso domestico e industriale a Vicenza.\" \/>\n<meta property=\"og:url\" content=\"http:\/\/www.pellegrin-impianti.eu\/domotica-vicenza\/\" \/>\n<meta property=\"og:site_name\" content=\"Pellegrin Impianti\" \/>\n<meta property=\"article:modified_time\" content=\"2021-07-23T07:28:29+00:00\" \/>\n<meta property=\"og:image\" content=\"http:\/\/www.pellegrin-impianti.eu\/wp-content\/uploads\/2016\/03\/video-sorveglianza-e1544019784277-1024x498.jpg\" \/>\n<meta name=\"twitter:card\" content=\"summary_large_image\" \/>\n<meta name=\"twitter:label1\" content=\"Tempo di lettura stimato\" \/>\n\t<meta name=\"twitter:data1\" content=\"6 minuti\" \/>\n<script type=\"application\/ld+json\" class=\"yoast-schema-graph\">{\"@context\":\"https:\/\/schema.org\",\"@graph\":[{\"@type\":\"WebPage\",\"@id\":\"https:\/\/www.pellegrin-impianti.eu\/it\/impianti-di-videosorveglianza-vicenza\/\",\"url\":\"http:\/\/www.pellegrin-impianti.eu\/domotica-vicenza\/\",\"name\":\"Impianti videosorveglianza Vicenza - Pellegrin Impianti\",\"isPartOf\":{\"@id\":\"https:\/\/www.pellegrin-impianti.eu\/it\/#website\"},\"datePublished\":\"2017-09-06T14:01:19+00:00\",\"dateModified\":\"2021-07-23T07:28:29+00:00\",\"description\":\"Pellegrin Impianti offre una vasta gamma di impianti di videosorveglianza per uso domestico e industriale a Vicenza.\",\"breadcrumb\":{\"@id\":\"http:\/\/www.pellegrin-impianti.eu\/domotica-vicenza\/#breadcrumb\"},\"inLanguage\":\"it-IT\",\"potentialAction\":[{\"@type\":\"ReadAction\",\"target\":[\"http:\/\/www.pellegrin-impianti.eu\/domotica-vicenza\/\"]}]},{\"@type\":\"BreadcrumbList\",\"@id\":\"http:\/\/www.pellegrin-impianti.eu\/domotica-vicenza\/#breadcrumb\",\"itemListElement\":[{\"@type\":\"ListItem\",\"position\":1,\"name\":\"Home\",\"item\":\"https:\/\/www.pellegrin-impianti.eu\/it\/\"},{\"@type\":\"ListItem\",\"position\":2,\"name\":\"Impianti di videosorveglianza Vicenza\"}]},{\"@type\":\"WebSite\",\"@id\":\"https:\/\/www.pellegrin-impianti.eu\/it\/#website\",\"url\":\"https:\/\/www.pellegrin-impianti.eu\/it\/\",\"name\":\"Pellegrin Impianti\",\"description\":\"Impianti elettrici civili e industriali\",\"potentialAction\":[{\"@type\":\"SearchAction\",\"target\":{\"@type\":\"EntryPoint\",\"urlTemplate\":\"https:\/\/www.pellegrin-impianti.eu\/it\/?s={search_term_string}\"},\"query-input\":\"required name=search_term_string\"}],\"inLanguage\":\"it-IT\"}]}<\/script>\n<!-- \/ Yoast SEO plugin. -->","yoast_head_json":{"title":"Impianti videosorveglianza Vicenza - Pellegrin Impianti","description":"Pellegrin Impianti offre una vasta gamma di impianti di videosorveglianza per uso domestico e industriale a Vicenza.","robots":{"index":"index","follow":"follow","max-snippet":"max-snippet:-1","max-image-preview":"max-image-preview:large","max-video-preview":"max-video-preview:-1"},"canonical":"http:\/\/www.pellegrin-impianti.eu\/domotica-vicenza\/","og_locale":"it_IT","og_type":"article","og_title":"Impianti videosorveglianza Vicenza - Pellegrin Impianti","og_description":"Pellegrin Impianti offre una vasta gamma di impianti di videosorveglianza per uso domestico e industriale a Vicenza.","og_url":"http:\/\/www.pellegrin-impianti.eu\/domotica-vicenza\/","og_site_name":"Pellegrin Impianti","article_modified_time":"2021-07-23T07:28:29+00:00","og_image":[{"url":"http:\/\/www.pellegrin-impianti.eu\/wp-content\/uploads\/2016\/03\/video-sorveglianza-e1544019784277-1024x498.jpg"}],"twitter_card":"summary_large_image","twitter_misc":{"Tempo di lettura stimato":"6 minuti"},"schema":{"@context":"https:\/\/schema.org","@graph":[{"@type":"WebPage","@id":"https:\/\/www.pellegrin-impianti.eu\/it\/impianti-di-videosorveglianza-vicenza\/","url":"http:\/\/www.pellegrin-impianti.eu\/domotica-vicenza\/","name":"Impianti videosorveglianza Vicenza - Pellegrin Impianti","isPartOf":{"@id":"https:\/\/www.pellegrin-impianti.eu\/it\/#website"},"datePublished":"2017-09-06T14:01:19+00:00","dateModified":"2021-07-23T07:28:29+00:00","description":"Pellegrin Impianti offre una vasta gamma di impianti di videosorveglianza per uso domestico e industriale a Vicenza.","breadcrumb":{"@id":"http:\/\/www.pellegrin-impianti.eu\/domotica-vicenza\/#breadcrumb"},"inLanguage":"it-IT","potentialAction":[{"@type":"ReadAction","target":["http:\/\/www.pellegrin-impianti.eu\/domotica-vicenza\/"]}]},{"@type":"BreadcrumbList","@id":"http:\/\/www.pellegrin-impianti.eu\/domotica-vicenza\/#breadcrumb","itemListElement":[{"@type":"ListItem","position":1,"name":"Home","item":"https:\/\/www.pellegrin-impianti.eu\/it\/"},{"@type":"ListItem","position":2,"name":"Impianti di videosorveglianza Vicenza"}]},{"@type":"WebSite","@id":"https:\/\/www.pellegrin-impianti.eu\/it\/#website","url":"https:\/\/www.pellegrin-impianti.eu\/it\/","name":"Pellegrin Impianti","description":"Impianti elettrici civili e industriali","potentialAction":[{"@type":"SearchAction","target":{"@type":"EntryPoint","urlTemplate":"https:\/\/www.pellegrin-impianti.eu\/it\/?s={search_term_string}"},"query-input":"required name=search_term_string"}],"inLanguage":"it-IT"}]}},"_links":{"self":[{"href":"https:\/\/www.pellegrin-impianti.eu\/it\/wp-json\/wp\/v2\/pages\/58268"}],"collection":[{"href":"https:\/\/www.pellegrin-impianti.eu\/it\/wp-json\/wp\/v2\/pages"}],"about":[{"href":"https:\/\/www.pellegrin-impianti.eu\/it\/wp-json\/wp\/v2\/types\/page"}],"author":[{"embeddable":true,"href":"https:\/\/www.pellegrin-impianti.eu\/it\/wp-json\/wp\/v2\/users\/1"}],"replies":[{"embeddable":true,"href":"https:\/\/www.pellegrin-impianti.eu\/it\/wp-json\/wp\/v2\/comments?post=58268"}],"version-history":[{"count":3,"href":"https:\/\/www.pellegrin-impianti.eu\/it\/wp-json\/wp\/v2\/pages\/58268\/revisions"}],"predecessor-version":[{"id":58332,"href":"https:\/\/www.pellegrin-impianti.eu\/it\/wp-json\/wp\/v2\/pages\/58268\/revisions\/58332"}],"wp:attachment":[{"href":"https:\/\/www.pellegrin-impianti.eu\/it\/wp-json\/wp\/v2\/media?parent=58268"}],"curies":[{"name":"wp","href":"https:\/\/api.w.org\/{rel}","templated":true}]}}