{"id":58300,"date":"2018-10-19T09:04:11","date_gmt":"2018-10-19T07:04:11","guid":{"rendered":"http:\/\/www.pellegrin-impianti.eu\/?page_id=58300"},"modified":"2021-07-23T09:28:29","modified_gmt":"2021-07-23T07:28:29","slug":"privacy-policy","status":"publish","type":"page","link":"https:\/\/www.pellegrin-impianti.eu\/it\/privacy-policy\/","title":{"rendered":"Privacy Policy"},"content":{"rendered":"<p><\/p>\n<h3>Informativa ai sensi e per gli effetti dell\u2019art. 13 del Reg. UE 2016\/679 relativo alla protezione dei dati personali.<\/h3>\n<p>PELLEGRIN MAURIZIO INSTALLAZIONI ELETTRICHE, Via dell\u2019Artigianato N.12 &#8211; 36024 Barbarano Mossano -VI-,, Partita Iva: 01574830244 in qualit\u00e0 di Titolare del trattamento dei dati personali, Ti informa, ai sensi dell\u2019art. 13 del Reg. UE 2016\/679 (Reg. relativo alla protezione dei dati personali, d\u2019ora in avanti soltanto \u201cGDPR\u201d), in merito agli elementi essenziali dei trattamenti effettuati e qui di seguito illustrati.<br \/>\nCi preme evidenziare che la nostra realt\u00e0 opera nel pieno rispetto della normativa italiana applicabile in materia di protezione dei dati personali e del GDPR, riconoscendone l\u2019assoluta importanza.<br \/>\nPrima di procedere alla navigazione Ti invitiamo, pertanto, a leggere con attenzione la presente informativa (d\u2019ora in avanti soltanto \u201cInformativa\u201d), poich\u00e9 contiene informazioni importanti sulla tutela dei dati personali e sulle misure di sicurezza adottate per garantirne la riservatezza.<br \/>\nLa presente Informativa, inoltre:<br \/>\n\u2022 si intende resa solo per il sito http:\/\/www.pellegrin-impianti.eu\/it\/ (\u201cSito\u201d) mentre non si applica ad altri siti web eventualmente consultati tramite link esterni;<br \/>\n\u2022 \u00e8 da intendersi quale Informativa resa ai sensi dell\u2019art. 13 del GDPR a coloro che interagiscono con il Sito.<br \/>\nQuesti gli elementi essenziali dei trattamenti effettuati.<\/p>\n<p><strong>Dati personali oggetto di trattamento<\/strong><br \/>\nPer dati personali si intende qualsiasi informazione riguardante una persona fisica identificata o identificabile con particolare riferimento a un identificativo come il nome, un numero di identificazione, dati relativi all\u2019ubicazione, un identificativo online o a uno o pi\u00f9 elementi caratteristici della sua identit\u00e0 fisica, fisiologica, psichica, economica, culturale o sociale.<br \/>\nI dati personali raccolti dal Sito sono i seguenti:<br \/>\n<strong>a) Dati di navigazione<\/strong>: i sistemi informatici del Sito raccolgono alcuni dati personali la cui trasmissione \u00e8 implicita nell\u2019uso dei protocolli di comunicazione di Internet. Si tratta di informazioni che non sono raccolte per identificarTi, ma che per loro stessa natura potrebbero, attraverso elaborazioni ed associazioni con dati detenuti da terzi, permettere di identificarti. Tra i dati raccolti rientrano, ad esempio, gli indirizzi IP o i nomi a dominio dei dispositivi utilizzati per connetterti al Sito, l\u2019orario della richiesta, il metodo utilizzato nel sottoporre la richiesta al server, la dimensione del file ottenuto in risposta, il codice numerico indicante lo stato della risposta data dal server (buon fine, errore, ecc.) ed altri parametri relativi al tuo sistema operativo e ambiente informatico;<br \/>\n<strong>b) Dati forniti volontariamente:<\/strong> attraverso il Sito hai la possibilit\u00e0 di fornire volontariamente dati personali, ad esempio, il nome e l\u2019indirizzo e-mail per contattarci attraverso il form \u201ccontattaci\u201d o le coordinate di contatto. Utilizzeremo questi dati nel rispetto della normativa applicabile vigente, assumendo che siano riferiti a Te. Nell\u2019ipotesi in cui i dati siano riferibili a terzi, per questi ultimi, Ti poni come autonomo titolare del trattamento, assumendoti tutti gli obblighi e le responsabilit\u00e0 di legge. In tal senso, conferisci sul punto la pi\u00f9 ampia manleva rispetto ad ogni contestazione, pretesa, richiesta di risarcimento del danno da trattamento, etc. che dovesse pervenire alla nostra realt\u00e0 da terzi soggetti i cui dati personali siano stati trattati attraverso il tuo utilizzo del Sito in violazione della normativa applicabile attualmente vigente;<br \/>\n<strong>c) Cookie e tecnologie affini:<\/strong> raccogliamo dati personali attraverso cookies. Maggiori informazioni sull\u2019uso dei cookie e tecnologie affini sono disponibili\u00a0<a href=\"http:\/\/www.pellegrin-impianti.eu\/cookie\/\" target=\"_blank\" rel=\"noopener noreferrer\">qui<\/a><\/p>\n<p><strong>Finalit\u00e0 e basi giuridiche del trattamento<\/strong><br \/>\nNello specifico i tuoi dati personali sono trattati per le seguenti finalit\u00e0 e basi giuridiche:<br \/>\n<strong>\u2022 visualizzazione sito e navigazione<\/strong> (si tratta di attivit\u00e0 connesse alla corretta erogazione delle varie funzionalit\u00e0 da Te richieste, per ragioni di sicurezza e di accertamento di responsabilit\u00e0 in caso di ipotetici reati informatici ai danni del Sito, nonch\u00e9 a ricavare informazioni statistiche anonime sull\u2019uso del Sito e per controllarne il corretto funzionamento); la <strong>base giuridica<\/strong> della predetta finalit\u00e0 si individua nel contratto e misure precontrattuali (art. 6.1, lettera b, GDPR);<br \/>\n\u2022 <strong>attivit\u00e0 connesse alla gestione del contatto<\/strong> (esempi di attivit\u00e0 sono: la compilazione del modulo contatti presente sul sito o pi\u00f9 in generale l\u2019invio di una e-mail che comportano il trattamento dei dati personali come, ad esempio, il nome, cognome, oggetto; la <strong>base giuridica<\/strong> della predetta finalit\u00e0 si individua nel contratto e misure precontrattuali (art. 6.1, lettera b, GDPR);<br \/>\n\u2022 <strong>attivit\u00e0 connesse all\u2019esecuzione del contratto<\/strong> del quale Lei \u00e8 parte, compresa la fase pre-contrattuale (esempi di attivit\u00e0 sono: l\u2019erogazione di un servizio, il riscontro ad una richiesta, la richiesta di contatto tramite il modulo \u201ccontatti\u201d (etc.); la <strong>base giuridica<\/strong> della predetta finalit\u00e0 si individua nel contratto e misure precontrattuali (art. 6.1, lettera b, GDPR);<br \/>\n\u2022 <strong>ricerche\/analisi statistiche su dati aggregati o anonimi<\/strong> (si tratta di un\u2019attivit\u00e0 che non implicano il trattamento di dati personali, poich\u00e9 non comportano l\u2019identificazione dell\u2019utente e servono, ad esempio, per misurare il funzionamento del Sito, misurare il traffico e valutare l\u2019interesse);<br \/>\n\u2022 <strong>attivit\u00e0 connesse all\u2019accertamento e\/o all\u2019esercizio e\/o alla difesa di diritti<\/strong> (esempi di attivit\u00e0 sono: controversie relative al corretto adempimento del rapporto contrattuale, diffide, recupero crediti); la <strong>base giuridica<\/strong> della predetta finalit\u00e0 si individua nel legittimo interesse (art. 6.1, lettera f, GDPR);<br \/>\n\u2022 <strong>altre attivit\u00e0 in esecuzione di obbligo di legge\/ordini Autorit\u00e0<\/strong> (come ad esempio la comunicazione a terzi); la <strong>base giuridica<\/strong> si individua nell\u2019obbligo di legge (art. 6.1, lettera c, GDPR);<br \/>\n\u2022 <strong>manutenzione sistemi informatici e dispositivi<\/strong> (i soggetti incaricati di eseguire manutenzione e riparazioni sul Sito potrebbero avere accidentalmente accesso ai Tuoi dati personali. Si tratta di eventi del tutto occasionali e non prevedibili e in ogni caso privi di finalit\u00e0 di identificazione e di durata limitata all\u2019esecuzione dell\u2019intervento di manutenzione\/riparazione); la <strong>base giuridica<\/strong> della predetta finalit\u00e0 si individua nell\u2019interesse legittimo (art. 6.1, lettera f, GDPR).<br \/>\nNon\u00a0svolgiamo trattamenti con processi decisionali automatizzati.<br \/>\nNon svolgiamo attivit\u00e0 di profilazioni. fatta eccezione per la profilazione tramite cookie. Maggiori informazioni sull\u2019uso dei cookie e tecnologie affini sono disponibili\u00a0<a href=\"http:\/\/www.pellegrin-impianti.eu\/cookie\/\" target=\"_blank\" rel=\"noopener noreferrer\">qui<\/a><br \/>\nSpecifiche informative verranno pubblicate nelle pagine del Sito predisposte per l\u2019erogazione di determinati servizi (ad es. form contatti).<\/p>\n<p><strong>Tempi di conservazione dei dati<\/strong><br \/>\nI Tuoi dati personali saranno conservati per i tempi strettamente necessari ad espletare le finalit\u00e0 sopra illustrate e per adempiere agli obblighi previsti dalla legge.<br \/>\nIn particolare, per la visualizzazione sito e navigazione i Tuoi dati sono immediatamente cancellati al cessare della sessione di navigazione, a meno che essi non siano necessari per l\u2019esercizio o la difesa di diritti, per le attivit\u00e0 connesse alla gestione del contatto i Tuoi dati personali vengono cancellati al momento in cui sia definitivamente esaurita la finalit\u00e0 di contatto, di risposta o di corrispondenza, per le attivit\u00e0 connesse all\u2019esecuzione del contratto del quale Lei \u00e8 parte (compresa la fase pre-contrattuale), i Tuoi dati personali sono conservati per tutta la durata del rapporto contrattuale e, una volta concluso il rapporto, saranno conservati per esigenze di accertamento\/esercizio\/difesa di un diritto, per le attivit\u00e0 connesse all\u2019accertamento e\/o all\u2019esercizio e\/o alla difesa di diritti, fino al tempo permesso dalla normativa nazionale a tutela dei propri interessi (artt. 2946 e 2947 c.c.), salva conservazione ulteriore nel caso di interruzione della prescrizione; per le attivit\u00e0 in esecuzione di obbligo di legge\/ordini Autorit\u00e0 e per le attivit\u00e0 di manutenzione sistemi informatici e dispositivi, riferendosi a dati personali di cui disponiamo per le altre finalit\u00e0 indicate nella presente Informativa, i tempi di conservazione coincidono con quelli di volta in volta individuati per le predette finalit\u00e0.<\/p>\n<p><strong>Consenso e facoltativit\u00e0\/obbligatoriet\u00e0 del conferimento.<\/strong><br \/>\nIl trattamento dei Tuoi dati personali, per le finalit\u00e0 sopra illustrate, potr\u00e0 essere effettuato senza il Tuo consenso.<br \/>\nIl conferimento dei Tuoi dati che Ti impegni a fornirci contrattualmente o per obbligo di legge, \u00e8 obbligatorio e costituisce requisito necessario per la conclusione del contratto ed il mancato conferimento comporter\u00e0 l\u2019impossibilit\u00e0 da parte nostra di dar corso ai contratti ed altri adempimenti connessi. Ogni altro conferimento dei Tuoi dati personali (ad es. per invio di richieste non ancora contrattualizzate o per la navigazione nel sito) \u00e8 meramente facoltativo. Unica conseguenza del mancato conferimento facoltativo sar\u00e0 l\u2019impossibilit\u00e0 di fornire o di eseguire i servizi richiesti.<\/p>\n<p><strong>Categorie di destinatari<\/strong><br \/>\nI tuoi Dati Personali, inoltre, potranno essere comunicati a soggetti terzi, per esigenze tecniche ed operative strettamente collegate alle finalit\u00e0 sopra enunciate ed in particolare alle seguenti categorie di soggetti:<br \/>\na) soggetti necessari per l\u2019erogazione dei servizi offerti dal Sito tra cui a titolo esemplificativo l\u2019invio di e-mail e l\u2019analisi del funzionamento del Sito che agiscono tipicamente in qualit\u00e0 di responsabili del trattamento della nostra realt\u00e0;<br \/>\nb) enti, professionisti, societ\u00e0 od altre strutture da noi incaricate dei trattamenti connessi all\u2019adempimento degli obblighi amministrativi, contabili, assicurativi e gestionali legati all\u2019ordinario svolgimento della nostra attivit\u00e0 economica, anche per finalit\u00e0 di recupero credito;<br \/>\nc) alle pubbliche autorit\u00e0 ed amministrazioni per le finalit\u00e0 connesse all\u2019adempimento di obblighi legali o ai soggetti legittimati ad accedervi in forza di disposizioni di legge, regolamenti, normative comunitarie;<br \/>\nd) banche, istituti finanziari o altri soggetti ai quali il trasferimento dei suddetti dati risulti necessario allo svolgimento dell\u2019attivit\u00e0 della nostra azienda in relazione all\u2019assolvimento, da parte nostra, delle obbligazioni contrattuali assunte nei Tuoi confronti;<br \/>\ne) fornitori di servizi di installazione, assistenza e manutenzione di impianti e sistemi informatici e telematici e di tutti i servizi funzionalmente connessi e necessari per l\u2019adempimento delle prestazioni oggetto del contratto;<br \/>\nf) persone da noi autorizzate al trattamento dei dati che si sono impegnate alla riservatezza o abbiano un adeguato obbligo legale di riservatezza (es. dipendenti e collaboratori).<\/p>\n<p><strong>Trasferimenti all\u2019estero<\/strong><br \/>\nIl Titolare del trattamento non trasferisce i dati personali al di fuori dello Spazio Economico Europeo. Il Titolare, tuttavia, si riserva la possibilit\u00e0 di utilizzare servizi in cloud; nel qual caso, i fornitori dei servizi saranno selezionati tra coloro che forniscono garanzie adeguate nel rispetto della Normativa Applicabile.<br \/>\n<strong>Modalit\u00e0 del trattamento<\/strong><br \/>\nIl trattamento dei Tuoi dati personali avverr\u00e0 sia in formato elettronico sia cartaceo.<br \/>\nIl trattamento sar\u00e0, tuttavia, effettuato prevalentemente con strumenti informatici e comunque con l\u2019osservanza delle misure minime cautelative della sicurezza e riservatezza dei dati. In particolare, sono state attuate misure di sicurezza tecniche, informatiche, organizzative, logistiche e procedurali al fine di prevenire la perdita, l\u2019uso illecito o non pertinente dei dati e l\u2019accesso agli stessi senza autorizzazione.<\/p>\n<p><strong>Diritti dell\u2019interessato e reclamo avanti al Garante<\/strong><br \/>\nTi informiamo che in merito al trattamento dei Suoi dati personali potrai esercitare i seguenti diritti:<br \/>\na) Diritto di ottenere l\u2019accesso ai Suoi dati personali (art. 15 GDPR): potrai contattarci per conoscere se i Tuoi dati personali sono oggetto di trattamento e le informazioni di legge sul trattamento;<br \/>\nb) Diritto di rettifica (art. 16 GDPR): ottenere la correzione dei Tuoi dati personali inesatti o l\u2019integrazione di quelli incompleti;<br \/>\nc) Diritto alla cancellazione\/oblio (art. 17 GDPR): ottenere la cancellazione dei Tuoi dati personali, nelle ipotesi previste dalla legge;<br \/>\nd) Diritto alla limitazione del trattamento (art. 18 GDPR): ottenere la sottoposizione dei Tuoi dati personali alla sola conservazione, con esclusione di altre attivit\u00e0, nelle ipotesi previste dalla legge;<br \/>\ne) Diritto alla portabilit\u00e0\u00a0(art. 20 GDPR): ottenere i Tuoi dati personali in un formato strutturato, di uso comune e leggibile da dispositivo automatico ed ottenerne, altres\u00ec, la trasmissione diretta ad altro titolare del trattamento, nelle ipotesi previste dalla legge;<br \/>\nf) Diritto di opporsi (art. 21 GDPR): diritto di far cessare ulteriore trattamento dei dati personali per motivi connessi alla Tua situazione particolare, salva prevalenza dei nostri motivi legittimi cogenti, nelle ipotesi previste dalla legge;<br \/>\ng) Diritto di revocare il consenso (art. 7.3 GDPR): diritto di revocare in qualsiasi momento il consenso per i casi in cui il trattamento sia basato sul consenso.<br \/>\nPer esercitare i diritti suddetti potrai utilizzare i contatti del Titolare forniti nella presente Informativa.<br \/>\nL\u2019esercizio dei diritti non \u00e8 soggetto ad alcun vincolo di forma ed \u00e8 gratuito.<br \/>\nTi informiamo, altres\u00ec, del Tuo diritto a promuovere <strong>Reclamo avanti all\u2019Autorit\u00e0 Garante<\/strong> per la protezione dei dati personali competente. Ricordiamo che il reclamo, a norma dell\u2019art. 77.1 GDPR, pu\u00f2 essere promosso dall\u2019interessato presso l\u2019Autorit\u00e0 del luogo dove l\u2019interessato risiede abitualmente, dove lavora oppure dove si \u00e8 verificata la presunta violazione.<\/p>\n<p><strong>Titolare del trattamento<\/strong><br \/>\nIl Titolare del trattamento \u00e8 PELLEGRIN MAURIZIO INSTALLAZIONI ELETTRICHE<br \/>\nDati di contatto del Titolare:<br \/>\n\u2022 e-mail: info@pellegrin-impianti.it<br \/>\n\u2022 telefono: 0444795596<br \/>\n\u2022 posta cartacea: Via dell\u2019Artigianato n. 12 &#8211; 36024 Barbarano Mossano &#8211; VI<\/p>\n<p><strong>Modifiche<\/strong><br \/>\nLa presente informativa \u00e8 in vigore dal 25 maggio 2018. Ci riserviamo di modificarne o semplicemente aggiornarne il contenuto, in parte o completamente, anche a causa di variazioni della normativa applicabile. L\u2019Informativa aggiornata verr\u00e0 tempestivamente pubblicata sul presente Sito. Ti invitiamo, pertanto, a visitare con regolarit\u00e0 questa pagina per prendere visione di eventuali aggiornamenti.<\/p>\n<p>&nbsp;<\/p>\n<h3>Per maggiori info consulta anche le seguenti pagine relative alla privacy:<\/h3>\n<ul>\n<li><a href=\"http:\/\/www.pellegrin-impianti.eu\/informativa-form-contatti\/\">http:\/\/www.pellegrin-impianti.eu\/informativa-form-contatti\/<\/a><\/li>\n<li><a href=\"http:\/\/www.pellegrin-impianti.eu\/informativa-per-i-candidati\/\">http:\/\/www.pellegrin-impianti.eu\/informativa-per-i-candidati\/<\/a><\/li>\n<li><a href=\"http:\/\/www.pellegrin-impianti.eu\/cookie\/\">http:\/\/www.pellegrin-impianti.eu\/cookie\/<\/a><\/li>\n<\/ul>\n<p>&nbsp;<\/p>","protected":false},"excerpt":{"rendered":"<p>Informativa ai sensi e per gli effetti dell\u2019art. 13 del Reg. UE 2016\/679 relativo alla protezione dei dati personali. PELLEGRIN MAURIZIO INSTALLAZIONI ELETTRICHE, Via dell\u2019Artigianato N.12 &#8211; 36024 Barbarano Mossano -VI-,, Partita Iva: 01574830244 in qualit\u00e0 di Titolare del trattamento dei dati personali, Ti informa,&#8230;<\/p>\n","protected":false},"author":1,"featured_media":0,"parent":0,"menu_order":0,"comment_status":"closed","ping_status":"closed","template":"","meta":[],"yoast_head":"<!-- This site is optimized with the Yoast SEO plugin v20.4 - https:\/\/yoast.com\/wordpress\/plugins\/seo\/ -->\n<title>Privacy Policy - Pellegrin Impianti<\/title>\n<meta name=\"robots\" content=\"index, follow, max-snippet:-1, max-image-preview:large, max-video-preview:-1\" \/>\n<link rel=\"canonical\" href=\"https:\/\/www.pellegrin-impianti.eu\/it\/privacy-policy\/\" \/>\n<meta property=\"og:locale\" content=\"it_IT\" \/>\n<meta property=\"og:type\" content=\"article\" \/>\n<meta property=\"og:title\" content=\"Privacy Policy - Pellegrin Impianti\" \/>\n<meta property=\"og:description\" content=\"Informativa ai sensi e per gli effetti dell\u2019art. 13 del Reg. UE 2016\/679 relativo alla protezione dei dati personali. PELLEGRIN MAURIZIO INSTALLAZIONI ELETTRICHE, Via dell\u2019Artigianato N.12 &#8211; 36024 Barbarano Mossano -VI-,, Partita Iva: 01574830244 in qualit\u00e0 di Titolare del trattamento dei dati personali, Ti informa,...\" \/>\n<meta property=\"og:url\" content=\"https:\/\/www.pellegrin-impianti.eu\/it\/privacy-policy\/\" \/>\n<meta property=\"og:site_name\" content=\"Pellegrin Impianti\" \/>\n<meta property=\"article:modified_time\" content=\"2021-07-23T07:28:29+00:00\" \/>\n<meta name=\"twitter:card\" content=\"summary_large_image\" \/>\n<meta name=\"twitter:label1\" content=\"Tempo di lettura stimato\" \/>\n\t<meta name=\"twitter:data1\" content=\"21 minuti\" \/>\n<script type=\"application\/ld+json\" class=\"yoast-schema-graph\">{\"@context\":\"https:\/\/schema.org\",\"@graph\":[{\"@type\":\"WebPage\",\"@id\":\"https:\/\/www.pellegrin-impianti.eu\/it\/privacy-policy\/\",\"url\":\"https:\/\/www.pellegrin-impianti.eu\/it\/privacy-policy\/\",\"name\":\"Privacy Policy - Pellegrin Impianti\",\"isPartOf\":{\"@id\":\"https:\/\/www.pellegrin-impianti.eu\/it\/#website\"},\"datePublished\":\"2018-10-19T07:04:11+00:00\",\"dateModified\":\"2021-07-23T07:28:29+00:00\",\"breadcrumb\":{\"@id\":\"https:\/\/www.pellegrin-impianti.eu\/it\/privacy-policy\/#breadcrumb\"},\"inLanguage\":\"it-IT\",\"potentialAction\":[{\"@type\":\"ReadAction\",\"target\":[\"https:\/\/www.pellegrin-impianti.eu\/it\/privacy-policy\/\"]}]},{\"@type\":\"BreadcrumbList\",\"@id\":\"https:\/\/www.pellegrin-impianti.eu\/it\/privacy-policy\/#breadcrumb\",\"itemListElement\":[{\"@type\":\"ListItem\",\"position\":1,\"name\":\"Home\",\"item\":\"https:\/\/www.pellegrin-impianti.eu\/it\/\"},{\"@type\":\"ListItem\",\"position\":2,\"name\":\"Privacy Policy\"}]},{\"@type\":\"WebSite\",\"@id\":\"https:\/\/www.pellegrin-impianti.eu\/it\/#website\",\"url\":\"https:\/\/www.pellegrin-impianti.eu\/it\/\",\"name\":\"Pellegrin Impianti\",\"description\":\"Impianti elettrici civili e industriali\",\"potentialAction\":[{\"@type\":\"SearchAction\",\"target\":{\"@type\":\"EntryPoint\",\"urlTemplate\":\"https:\/\/www.pellegrin-impianti.eu\/it\/?s={search_term_string}\"},\"query-input\":\"required name=search_term_string\"}],\"inLanguage\":\"it-IT\"}]}<\/script>\n<!-- \/ Yoast SEO plugin. -->","yoast_head_json":{"title":"Privacy Policy - Pellegrin Impianti","robots":{"index":"index","follow":"follow","max-snippet":"max-snippet:-1","max-image-preview":"max-image-preview:large","max-video-preview":"max-video-preview:-1"},"canonical":"https:\/\/www.pellegrin-impianti.eu\/it\/privacy-policy\/","og_locale":"it_IT","og_type":"article","og_title":"Privacy Policy - Pellegrin Impianti","og_description":"Informativa ai sensi e per gli effetti dell\u2019art. 13 del Reg. UE 2016\/679 relativo alla protezione dei dati personali. PELLEGRIN MAURIZIO INSTALLAZIONI ELETTRICHE, Via dell\u2019Artigianato N.12 &#8211; 36024 Barbarano Mossano -VI-,, Partita Iva: 01574830244 in qualit\u00e0 di Titolare del trattamento dei dati personali, Ti informa,...","og_url":"https:\/\/www.pellegrin-impianti.eu\/it\/privacy-policy\/","og_site_name":"Pellegrin Impianti","article_modified_time":"2021-07-23T07:28:29+00:00","twitter_card":"summary_large_image","twitter_misc":{"Tempo di lettura stimato":"21 minuti"},"schema":{"@context":"https:\/\/schema.org","@graph":[{"@type":"WebPage","@id":"https:\/\/www.pellegrin-impianti.eu\/it\/privacy-policy\/","url":"https:\/\/www.pellegrin-impianti.eu\/it\/privacy-policy\/","name":"Privacy Policy - Pellegrin Impianti","isPartOf":{"@id":"https:\/\/www.pellegrin-impianti.eu\/it\/#website"},"datePublished":"2018-10-19T07:04:11+00:00","dateModified":"2021-07-23T07:28:29+00:00","breadcrumb":{"@id":"https:\/\/www.pellegrin-impianti.eu\/it\/privacy-policy\/#breadcrumb"},"inLanguage":"it-IT","potentialAction":[{"@type":"ReadAction","target":["https:\/\/www.pellegrin-impianti.eu\/it\/privacy-policy\/"]}]},{"@type":"BreadcrumbList","@id":"https:\/\/www.pellegrin-impianti.eu\/it\/privacy-policy\/#breadcrumb","itemListElement":[{"@type":"ListItem","position":1,"name":"Home","item":"https:\/\/www.pellegrin-impianti.eu\/it\/"},{"@type":"ListItem","position":2,"name":"Privacy Policy"}]},{"@type":"WebSite","@id":"https:\/\/www.pellegrin-impianti.eu\/it\/#website","url":"https:\/\/www.pellegrin-impianti.eu\/it\/","name":"Pellegrin Impianti","description":"Impianti elettrici civili e industriali","potentialAction":[{"@type":"SearchAction","target":{"@type":"EntryPoint","urlTemplate":"https:\/\/www.pellegrin-impianti.eu\/it\/?s={search_term_string}"},"query-input":"required name=search_term_string"}],"inLanguage":"it-IT"}]}},"_links":{"self":[{"href":"https:\/\/www.pellegrin-impianti.eu\/it\/wp-json\/wp\/v2\/pages\/58300"}],"collection":[{"href":"https:\/\/www.pellegrin-impianti.eu\/it\/wp-json\/wp\/v2\/pages"}],"about":[{"href":"https:\/\/www.pellegrin-impianti.eu\/it\/wp-json\/wp\/v2\/types\/page"}],"author":[{"embeddable":true,"href":"https:\/\/www.pellegrin-impianti.eu\/it\/wp-json\/wp\/v2\/users\/1"}],"replies":[{"embeddable":true,"href":"https:\/\/www.pellegrin-impianti.eu\/it\/wp-json\/wp\/v2\/comments?post=58300"}],"version-history":[{"count":3,"href":"https:\/\/www.pellegrin-impianti.eu\/it\/wp-json\/wp\/v2\/pages\/58300\/revisions"}],"predecessor-version":[{"id":58313,"href":"https:\/\/www.pellegrin-impianti.eu\/it\/wp-json\/wp\/v2\/pages\/58300\/revisions\/58313"}],"wp:attachment":[{"href":"https:\/\/www.pellegrin-impianti.eu\/it\/wp-json\/wp\/v2\/media?parent=58300"}],"curies":[{"name":"wp","href":"https:\/\/api.w.org\/{rel}","templated":true}]}}