{"id":58309,"date":"2018-10-19T09:13:04","date_gmt":"2018-10-19T07:13:04","guid":{"rendered":"http:\/\/www.pellegrin-impianti.eu\/?page_id=58309"},"modified":"2021-07-23T09:28:29","modified_gmt":"2021-07-23T07:28:29","slug":"informativa-per-i-candidati","status":"publish","type":"page","link":"https:\/\/www.pellegrin-impianti.eu\/it\/informativa-per-i-candidati\/","title":{"rendered":"Informativa per i candidati"},"content":{"rendered":"<h3>Informativa per i candidati<\/h3>\n<p>PELLEGRIN MAURIZIO INSTALLAZIONI ELETTRICHE, Via dell\u2019Artigianato N.12 &#8211; 36024 Barbarano Mossano -VI-, Partita Iva: 01574830244 in qualit\u00e0 di Titolare del trattamento dei dati personali ai sensi dell\u2019art. 4 del Regolamento UE 2016\/679 (RGDPR), rende la presente informativa ai sensi dell\u2019art. 13 del Regolamento, per il trattamento dei Suoi dati personali e quelli dei Suoi familiari sia in formato elettronico che cartaceo.<\/p>\n<p><strong>Tipologia di dati trattati<\/strong><br \/>\nSi utilizzano dati personali, identificativi e non sensibili (come ad esempio: nome, cognome, indirizzo, telefono, codice fiscale, et\u00e0, sesso, luogo e data di nascita), dati personali relativi all\u2019istruzione e al lavoro (curriculum, titolo di studio, tirocinio o formazione professionale, competenze professionali). L\u2019azienda potr\u00e0, inoltre, trattare dati particolari idonei a rivelare lo stato di salute (come, ad esempio, l\u2019idoneit\u00e0 psico \u2013 fisica allo svolgimento della mansione specifica o l\u2019appartenenza a categorie protette), le convinzioni religiose, filosofiche o di altro genere (come, ad esempio, la manifestazione dell\u2019obiezione di coscienza).<\/p>\n<p><strong>Finalit\u00e0 del trattamento<\/strong><br \/>\nLa raccolta ed il trattamento dei dati personali sono effettuati per:<br \/>\n\u2022 selezioni, colloqui informativi, estrazione di informazioni e comparazione con i profili di altri candidati, valutazione del candidato ai fini di un possibile inserimento all\u2019interno del nostro organico;<br \/>\n\u2022 il corretto svolgimento di attivit\u00e0 burocratiche ed amministrative, nonch\u00e9 per attivit\u00e0 aziendali in genere finalizzate ad una eventuale assunzione;<br \/>\n\u2022 per l\u2019accertamento, l\u2019esercizio e\/o difesa di diritti in sede giudiziaria, nonch\u00e9 in sede amministrativa e nelle procedure di arbitrato e conciliazione nei casi previsti dalla normativa comunitaria e nazionale, dai regolamenti o contratti collettivi;<br \/>\n\u2022 per comunicazione a terzi in esecuzione di obbligo di legge\/ordini Autorit\u00e0;<br \/>\n\u2022 manutenzione sistemi informatici o dispositivi.<br \/>\n<strong>Base giuridica del trattamento<\/strong><br \/>\nI Suoi dati personali e dei Suoi familiari sono lecitamente trattati, a seconda delle finalit\u00e0 sopra elencate, in relazione alle seguenti basi giuridiche:<br \/>\n\u2022 contratto o misure precontrattuali (art. 6, lettera b, GDPR);<br \/>\n\u2022 adempimento di un obbligo legale (art. 6 lettera c, GDPR);<br \/>\n\u2022 legittimo interesse del titolare del trattamento, consistente nell\u2019esercizio dell\u2019attivit\u00e0 imprenditoriale (art. 41 Cost) o nell\u2019accertamento, esercizio e\/o difesa di diritti in sede giudiziaria, nonch\u00e9 in sede amministrativa e nelle procedure di arbitrato e conciliazione nei casi previsti dalla normativa comunitaria e nazionale, dai regolamenti o contratti collettivi (art. 6.1, lettera f, GDPR).<br \/>\nIn relazione all\u2019esecuzione ed alla gestione del rapporto di lavoro, il Titolare avr\u00e0 la necessit\u00e0 di trattare categorie particolari di dati ai sensi dell\u2019art. 9 del GDPR 679\/16 (cc.dd. dati sensibili), meglio specificati nella sezione tipologia di dati trattati.<br \/>\nIl trattamento di tali dati non \u00e8 soggetto a consenso in quanto \u00e8 necessario per assolvere obblighi ed esercitare diritti dei Titolari e degli interessati in materia di diritto del lavoro e per la valutazione della capacit\u00e0 lavorativa del dipendente (art. 9, paragrafo 2, lettere b) ed h), del GDPR).<br \/>\nNessun nostro trattamento \u00e8 basato sul consenso. Le basi giuridiche su cui operiamo sono: contratto, obbligo di legge ed interesse legittimo.<br \/>\nNon\u00a0svolgiamo trattamenti con processi decisionali automatizzati n\u00e9 profilazioni.<\/p>\n<p><strong>Natura obbligatoria o facoltativa del conferimento dei dati e conseguenze del rifiuto<\/strong><br \/>\nIl conferimento dei dati \u00e8 facoltativo. L\u2019eventuale rifiuto a fornirli in tutto o in parte comporter\u00e0 l&#8217;impossibilit\u00e0 di eseguire la selezione o di svolgere correttamente tutti gli adempimenti connessi.<\/p>\n<p><strong>Comunicazione dei dati a terzi<\/strong><br \/>\nTutti i Suoi dati raccolti ed elaborati potranno essere comunicati esclusivamente per le finalit\u00e0 sopra specificate a:<br \/>\n\u2022 persone da noi autorizzate al trattamento dei dati che si sono impegnate alla riservatezza o abbiano un adeguato obbligo legale di riservatezza (es. dipendenti e collaboratori);<br \/>\n\u2022 fornitori di servizi di installazione, assistenza e manutenzione di impianti e sistemi informatici e telematici e di tutti i servizi funzionalmente connessi e necessari per l\u2019adempimento delle prestazioni oggetto del contratto.<\/p>\n<p><strong>Trasferimento dei dati all\u2019estero<\/strong><br \/>\nIl Titolare del trattamento non trasferisce i dati personali al di fuori dello Spazio Economico Europeo. Il Titolare, tuttavia, si riserva la possibilit\u00e0 di utilizzare servizi in cloud; nel qual caso, i fornitori dei servizi saranno selezionati tra coloro che forniscono garanzie adeguate nel rispetto della normativa applicabile vigente.<\/p>\n<p><strong>Tempi di conservazione dei dati<\/strong><br \/>\nI dati personali verranno trattati per tutta la durata della fase di recruitment del candidato per le finalit\u00e0 sopra specificate. Terminata la fase di selezione, i Suoi dati personali verranno cancellati al momento della mancata assunzione, salva conservazione ulteriore per esigenze di accertamento, esercizio e\/o difesa di diritti o, in caso di assunzione, per lo svolgimento di attivit\u00e0 burocratiche ed amministrative finalizzate alla stipula del contratto di lavoro.<\/p>\n<p><strong>Diritti dell\u2019interessato e reclamo avanti al Garante<\/strong><br \/>\nLa informiamo che in merito al trattamento dei Suoi dati personali potrai esercitare i seguenti diritti:<br \/>\na) Diritto di ottenere l\u2019accesso ai Suoi dati personali (art. 15 GDPR): potr\u00e0 contattarci per conoscere se i Tuoi dati personali sono oggetto di trattamento e le informazioni di legge sul trattamento;<br \/>\nb) Diritto di rettifica (art. 16 GDPR): ottenere la correzione dei Tuoi dati personali inesatti o l\u2019integrazione di quelli incompleti;<br \/>\nc) Diritto alla cancellazione\/oblio (art. 17 GDPR): ottenere la cancellazione dei Tuoi dati personali, nelle ipotesi previste dalla legge;<br \/>\nd) Diritto alla limitazione del trattamento (art. 18 GDPR): ottenere la sottoposizione dei Tuoi dati personali alla sola conservazione, con esclusione di altre attivit\u00e0, nelle ipotesi previste dalla legge;<br \/>\ne) Diritto alla portabilit\u00e0\u00a0(art. 20 GDPR): ottenere i Tuoi dati personali in un formato strutturato, di uso comune e leggibile da dispositivo automatico ed ottenerne, altres\u00ec, la trasmissione diretta ad altro titolare del trattamento, nelle ipotesi previste dalla legge;<br \/>\nf) Diritto di opporsi (art. 21 GDPR): diritto di far cessare ulteriore trattamento dei dati personali per motivi connessi alla Tua situazione particolare, salva prevalenza dei nostri motivi legittimi cogenti, nelle ipotesi previste dalla legge;<br \/>\ng) Diritto di revocare il consenso (art. 7.3 GDPR): diritto di revocare in qualsiasi momento il consenso per i casi in cui il trattamento sia basato sul consenso.<br \/>\nPer esercitare i diritti suddetti potr\u00e0 utilizzare i contatti del Titolare forniti nella presente Informativa.<br \/>\nL\u2019esercizio dei diritti non \u00e8 soggetto ad alcun vincolo di forma ed \u00e8 gratuito.<br \/>\nLa informiamo, altres\u00ec, del Suo diritto a promuovere Reclamo avanti all\u2019Autorit\u00e0 Garante per la protezione dei dati personali competente. Ricordiamo che il reclamo, a norma dell\u2019art. 77.1 GDPR, pu\u00f2 essere promosso dall\u2019interessato presso l\u2019Autorit\u00e0 del luogo dove l\u2019interessato risiede abitualmente, dove lavora oppure dove si \u00e8 verificata la presunta violazione.<\/p>\n<p><strong>Titolare del trattamento<\/strong><br \/>\nIl Titolare del trattamento \u00e8 PELLEGRIN MAURIZIO INSTALLAZIONI ELETTRICHE<br \/>\nDati di contatto del Titolare:<br \/>\n\u2022 e-mail: info@pellegrin-impianti.it<br \/>\n\u2022 telefono: 0444795596<br \/>\n\u2022 posta cartacea: Via dell\u2019Artigianato n. 12 &#8211; 36024 Barbarano Mossano &#8211; VI<br \/>\n<strong>Modifiche<\/strong><br \/>\nLa presente informativa \u00e8 in vigore dal 25 maggio 2018. Ci riserviamo di modificarne o semplicemente aggiornarne il contenuto, in parte o completamente, anche a causa di variazioni della normativa applicabile. La informeremo di tali variazioni non appena verranno introdotte.<\/p>\n<p>Io sottoscritto\/a dichiaro di aver preso visione dell\u2019informativa che precede.<br \/>\nLuogo e Data ________________ Firma ___________________<\/p>\n","protected":false},"excerpt":{"rendered":"<p>Informativa per i candidati PELLEGRIN MAURIZIO INSTALLAZIONI ELETTRICHE, Via dell\u2019Artigianato N.12 &#8211; 36024 Barbarano Mossano -VI-, Partita Iva: 01574830244 in qualit\u00e0 di Titolare del trattamento dei dati personali ai sensi dell\u2019art. 4 del Regolamento UE 2016\/679 (RGDPR), rende la presente informativa ai sensi dell\u2019art. 13&#8230;<\/p>\n","protected":false},"author":1,"featured_media":0,"parent":0,"menu_order":0,"comment_status":"closed","ping_status":"closed","template":"","meta":[],"yoast_head":"<!-- This site is optimized with the Yoast SEO plugin v20.4 - https:\/\/yoast.com\/wordpress\/plugins\/seo\/ -->\n<title>Informativa per i candidati - Pellegrin Impianti<\/title>\n<meta name=\"robots\" content=\"index, follow, max-snippet:-1, max-image-preview:large, max-video-preview:-1\" \/>\n<link rel=\"canonical\" href=\"https:\/\/www.pellegrin-impianti.eu\/it\/informativa-per-i-candidati\/\" \/>\n<meta property=\"og:locale\" content=\"it_IT\" \/>\n<meta property=\"og:type\" content=\"article\" \/>\n<meta property=\"og:title\" content=\"Informativa per i candidati - Pellegrin Impianti\" \/>\n<meta property=\"og:description\" content=\"Informativa per i candidati PELLEGRIN MAURIZIO INSTALLAZIONI ELETTRICHE, Via dell\u2019Artigianato N.12 &#8211; 36024 Barbarano Mossano -VI-, Partita Iva: 01574830244 in qualit\u00e0 di Titolare del trattamento dei dati personali ai sensi dell\u2019art. 4 del Regolamento UE 2016\/679 (RGDPR), rende la presente informativa ai sensi dell\u2019art. 13...\" \/>\n<meta property=\"og:url\" content=\"https:\/\/www.pellegrin-impianti.eu\/it\/informativa-per-i-candidati\/\" \/>\n<meta property=\"og:site_name\" content=\"Pellegrin Impianti\" \/>\n<meta property=\"article:modified_time\" content=\"2021-07-23T07:28:29+00:00\" \/>\n<meta name=\"twitter:card\" content=\"summary_large_image\" \/>\n<meta name=\"twitter:label1\" content=\"Tempo di lettura stimato\" \/>\n\t<meta name=\"twitter:data1\" content=\"6 minuti\" \/>\n<script type=\"application\/ld+json\" class=\"yoast-schema-graph\">{\"@context\":\"https:\/\/schema.org\",\"@graph\":[{\"@type\":\"WebPage\",\"@id\":\"https:\/\/www.pellegrin-impianti.eu\/it\/informativa-per-i-candidati\/\",\"url\":\"https:\/\/www.pellegrin-impianti.eu\/it\/informativa-per-i-candidati\/\",\"name\":\"Informativa per i candidati - Pellegrin Impianti\",\"isPartOf\":{\"@id\":\"https:\/\/www.pellegrin-impianti.eu\/it\/#website\"},\"datePublished\":\"2018-10-19T07:13:04+00:00\",\"dateModified\":\"2021-07-23T07:28:29+00:00\",\"breadcrumb\":{\"@id\":\"https:\/\/www.pellegrin-impianti.eu\/it\/informativa-per-i-candidati\/#breadcrumb\"},\"inLanguage\":\"it-IT\",\"potentialAction\":[{\"@type\":\"ReadAction\",\"target\":[\"https:\/\/www.pellegrin-impianti.eu\/it\/informativa-per-i-candidati\/\"]}]},{\"@type\":\"BreadcrumbList\",\"@id\":\"https:\/\/www.pellegrin-impianti.eu\/it\/informativa-per-i-candidati\/#breadcrumb\",\"itemListElement\":[{\"@type\":\"ListItem\",\"position\":1,\"name\":\"Home\",\"item\":\"https:\/\/www.pellegrin-impianti.eu\/it\/\"},{\"@type\":\"ListItem\",\"position\":2,\"name\":\"Informativa per i candidati\"}]},{\"@type\":\"WebSite\",\"@id\":\"https:\/\/www.pellegrin-impianti.eu\/it\/#website\",\"url\":\"https:\/\/www.pellegrin-impianti.eu\/it\/\",\"name\":\"Pellegrin Impianti\",\"description\":\"Impianti elettrici civili e industriali\",\"potentialAction\":[{\"@type\":\"SearchAction\",\"target\":{\"@type\":\"EntryPoint\",\"urlTemplate\":\"https:\/\/www.pellegrin-impianti.eu\/it\/?s={search_term_string}\"},\"query-input\":\"required name=search_term_string\"}],\"inLanguage\":\"it-IT\"}]}<\/script>\n<!-- \/ Yoast SEO plugin. -->","yoast_head_json":{"title":"Informativa per i candidati - Pellegrin Impianti","robots":{"index":"index","follow":"follow","max-snippet":"max-snippet:-1","max-image-preview":"max-image-preview:large","max-video-preview":"max-video-preview:-1"},"canonical":"https:\/\/www.pellegrin-impianti.eu\/it\/informativa-per-i-candidati\/","og_locale":"it_IT","og_type":"article","og_title":"Informativa per i candidati - Pellegrin Impianti","og_description":"Informativa per i candidati PELLEGRIN MAURIZIO INSTALLAZIONI ELETTRICHE, Via dell\u2019Artigianato N.12 &#8211; 36024 Barbarano Mossano -VI-, Partita Iva: 01574830244 in qualit\u00e0 di Titolare del trattamento dei dati personali ai sensi dell\u2019art. 4 del Regolamento UE 2016\/679 (RGDPR), rende la presente informativa ai sensi dell\u2019art. 13...","og_url":"https:\/\/www.pellegrin-impianti.eu\/it\/informativa-per-i-candidati\/","og_site_name":"Pellegrin Impianti","article_modified_time":"2021-07-23T07:28:29+00:00","twitter_card":"summary_large_image","twitter_misc":{"Tempo di lettura stimato":"6 minuti"},"schema":{"@context":"https:\/\/schema.org","@graph":[{"@type":"WebPage","@id":"https:\/\/www.pellegrin-impianti.eu\/it\/informativa-per-i-candidati\/","url":"https:\/\/www.pellegrin-impianti.eu\/it\/informativa-per-i-candidati\/","name":"Informativa per i candidati - Pellegrin Impianti","isPartOf":{"@id":"https:\/\/www.pellegrin-impianti.eu\/it\/#website"},"datePublished":"2018-10-19T07:13:04+00:00","dateModified":"2021-07-23T07:28:29+00:00","breadcrumb":{"@id":"https:\/\/www.pellegrin-impianti.eu\/it\/informativa-per-i-candidati\/#breadcrumb"},"inLanguage":"it-IT","potentialAction":[{"@type":"ReadAction","target":["https:\/\/www.pellegrin-impianti.eu\/it\/informativa-per-i-candidati\/"]}]},{"@type":"BreadcrumbList","@id":"https:\/\/www.pellegrin-impianti.eu\/it\/informativa-per-i-candidati\/#breadcrumb","itemListElement":[{"@type":"ListItem","position":1,"name":"Home","item":"https:\/\/www.pellegrin-impianti.eu\/it\/"},{"@type":"ListItem","position":2,"name":"Informativa per i candidati"}]},{"@type":"WebSite","@id":"https:\/\/www.pellegrin-impianti.eu\/it\/#website","url":"https:\/\/www.pellegrin-impianti.eu\/it\/","name":"Pellegrin Impianti","description":"Impianti elettrici civili e industriali","potentialAction":[{"@type":"SearchAction","target":{"@type":"EntryPoint","urlTemplate":"https:\/\/www.pellegrin-impianti.eu\/it\/?s={search_term_string}"},"query-input":"required name=search_term_string"}],"inLanguage":"it-IT"}]}},"_links":{"self":[{"href":"https:\/\/www.pellegrin-impianti.eu\/it\/wp-json\/wp\/v2\/pages\/58309"}],"collection":[{"href":"https:\/\/www.pellegrin-impianti.eu\/it\/wp-json\/wp\/v2\/pages"}],"about":[{"href":"https:\/\/www.pellegrin-impianti.eu\/it\/wp-json\/wp\/v2\/types\/page"}],"author":[{"embeddable":true,"href":"https:\/\/www.pellegrin-impianti.eu\/it\/wp-json\/wp\/v2\/users\/1"}],"replies":[{"embeddable":true,"href":"https:\/\/www.pellegrin-impianti.eu\/it\/wp-json\/wp\/v2\/comments?post=58309"}],"version-history":[{"count":1,"href":"https:\/\/www.pellegrin-impianti.eu\/it\/wp-json\/wp\/v2\/pages\/58309\/revisions"}],"predecessor-version":[{"id":58310,"href":"https:\/\/www.pellegrin-impianti.eu\/it\/wp-json\/wp\/v2\/pages\/58309\/revisions\/58310"}],"wp:attachment":[{"href":"https:\/\/www.pellegrin-impianti.eu\/it\/wp-json\/wp\/v2\/media?parent=58309"}],"curies":[{"name":"wp","href":"https:\/\/api.w.org\/{rel}","templated":true}]}}